{"id":549,"date":"2025-05-22T13:21:34","date_gmt":"2025-05-22T13:21:34","guid":{"rendered":"https:\/\/dev.cloudingdots.com\/?page_id=549"},"modified":"2026-03-19T14:35:47","modified_gmt":"2026-03-19T14:35:47","slug":"cookie-richtlinie","status":"publish","type":"page","link":"https:\/\/cloudingdots.com\/de\/cookies-policy\/","title":{"rendered":"Cookies-Politik"},"content":{"rendered":"<div class=\"et_pb_section_0 et_pb_section et_section_regular et_flex_section\"><div class=\"et_pb_row_0 et_pb_row et_flex_row\"><div class=\"et_pb_column_0 et_pb_column et-last-child et_flex_column et_pb_css_mix_blend_mode_passthrough et_flex_column_24_24 et_flex_column_24_24_tablet et_flex_column_24_24_phone\"><div class=\"et_pb_text_0 et_pb_text et_pb_bg_layout_light et_pb_module et_flex_module\"><div class=\"et_pb_text_inner\"><p><!-- wp:paragraph --><\/p>\n<p>Diese Cookie-Richtlinie beschreibt, wie und warum CloudingDots. Cookies, Web Beacons, Pixel, Tags, Skripte und andere \u00e4hnliche Technologien im Rahmen unserer Gesch\u00e4ftst\u00e4tigkeit verwendet, auch \u00fcber Websites und Apps, die auf diese Cookie-Richtlinie verweisen. Sie erkl\u00e4rt auch Ihre Rechte, unsere Verwendung dieser Tracking-Technologien zu kontrollieren.<\/p>\n<p><!-- \/wp:paragraph --><\/p>\n<p><!-- wp:heading --><\/p>\n<h2 class=\"wp-block-heading\">Was sind Cookies?<\/h2>\n<p><!-- \/wp:heading --><\/p>\n<p><!-- wp:paragraph --><\/p>\n<p>Cookies sind kleine Datendateien, die auf Ihrem Computer oder einem anderen internetf\u00e4higen Ger\u00e4t abgelegt werden und unsere Funktionen erm\u00f6glichen. Sie erm\u00f6glichen es uns, Informationen aufzuzeichnen, wenn Sie unsere Websites, Produkte und Dienstleistungen (zusammenfassend als unsere \u201cWebsites\u201d bezeichnet) besuchen oder mit ihnen interagieren. Andere Tracking-Technologien wie Web-Beacons und Pixel funktionieren \u00e4hnlich wie Cookies, indem sie kleine Datendateien auf Ihrem Ger\u00e4t ablegen, die Ihre Website-Aktivit\u00e4ten \u00fcberwachen.<\/p>\n<p><!-- \/wp:paragraph --><\/p>\n<p><!-- wp:heading --><\/p>\n<h2 class=\"wp-block-heading\">Wie verwenden wir Cookies<\/h2>\n<p><!-- \/wp:heading --><\/p>\n<p><!-- wp:paragraph --><\/p>\n<p>Wir verwenden Cookies und andere Tracking-Technologien, um die Nutzung unserer Websites zu erleichtern und sie besser auf Ihre Interessen und Bed\u00fcrfnisse abzustimmen. Wir verwenden die Informationen, die wir von Cookies und anderen Tracking-Technologien erhalten, zur Erstellung von Profilen, um mehr \u00fcber Sie zu erfahren und Ihnen ma\u00dfgeschneiderte Werbung auf der Grundlage Ihres Verhaltens auf unseren Websites anzubieten. Wir verwenden diese Technologien auch, um anonyme, zusammengefasste Informationen zusammenzustellen, die es uns erm\u00f6glichen, unsere Kunden und Besucher besser zu verstehen.<\/p>\n<p><!-- \/wp:paragraph --><\/p>\n<p><!-- wp:paragraph --><\/p>\n<p>Wenn Sie einen Service von uns erwerben, werden Ihre pers\u00f6nlichen Daten in \u00dcbereinstimmung mit den Bestimmungen dieser Datenschutzrichtlinie gesammelt, verwendet und weitergegeben.<\/p>\n<p><!-- \/wp:paragraph --><\/p>\n<p><!-- wp:heading --><\/p>\n<h2 class=\"wp-block-heading\">Welche Art von Cookies und Tracking-Technologien verwenden wir?<\/h2>\n<p><!-- \/wp:heading --><\/p>\n<p><!-- wp:heading --><\/p>\n<h2 class=\"wp-block-heading\">Dauerhafte und Sitzungscookies<\/h2>\n<p><!-- \/wp:heading --><\/p>\n<p><!-- wp:paragraph --><\/p>\n<p>Wir verwenden zwei Kategorien von Cookies: Dauerhafte Cookies und Sitzungscookies. Dauerhafte Cookies sind Cookies, die uns helfen, Sie zu erkennen. Sie werden zwischen den Browsersitzungen auf Ihrem Ger\u00e4t gespeichert und erm\u00f6glichen es uns, Ihre Pr\u00e4ferenzen und Aktionen auf mehreren Websites und bei mehreren Besuchen zu speichern. Sitzungscookies laufen am Ende Ihrer Browsersitzung ab und erm\u00f6glichen es uns, Ihre Aktionen w\u00e4hrend einer bestimmten Browsersitzung zu verkn\u00fcpfen.<\/p>\n<p><!-- \/wp:paragraph --><\/p>\n<p><!-- wp:heading --><\/p>\n<h2 class=\"wp-block-heading\">Cookies von Dritten<\/h2>\n<p><!-- \/wp:heading --><\/p>\n<p><!-- wp:paragraph --><\/p>\n<p>Zus\u00e4tzlich zu den von uns gesetzten Erstanbieter-Cookies verwenden wir auch Drittanbieter-Cookies. Cookies von Drittanbietern sind Cookies, die von anderen gesetzt werden und es erm\u00f6glichen, dass die Merkmale oder Funktionen des Drittanbieters \u00fcber die von Ihnen genutzte Website bereitgestellt werden k\u00f6nnen. Die Drittpartei, die diese Cookies setzt, kann Ihr Ger\u00e4t erkennen, wenn es unsere Website besucht und wenn es bestimmte andere Websites oder Dienste besucht. Beispielsweise k\u00f6nnen unsere bezahlten Werbepartner oder Partner Cookies von Drittanbietern verwenden, um Sie als Empfehlung zu identifizieren, so dass sie entsch\u00e4digt werden k\u00f6nnen, wenn Sie sich f\u00fcr Dienste von uns anmelden, nachdem Sie einen unserer bezahlten Werbepartner besucht haben. Die Anbieter von Drittanbieter-Cookies haben ihre eigenen Datenschutzrichtlinien und k\u00f6nnen ihre Cookies verwenden, um Sie gezielt mit Werbung anzusprechen.<\/p>\n<p><!-- \/wp:paragraph --><\/p>\n<p><!-- wp:heading --><\/p>\n<h2 class=\"wp-block-heading\">Ger\u00e4te\u00fcbergreifendes Tracking<\/h2>\n<p><!-- \/wp:heading --><\/p>\n<p><!-- wp:paragraph --><\/p>\n<p>Wir f\u00fchren ein ger\u00e4te\u00fcbergreifendes Tracking durch, das es uns erm\u00f6glicht, Ihnen auf mehreren Ger\u00e4ten relevantere Werbung anzubieten. Wir tun dies, indem wir die Browsing-Aktivit\u00e4ten auf Ihren Smartphones, Tablets, Desktop-Computern und anderen Ger\u00e4ten identifizieren, die mit derselben IP-Adresse verbunden oder in dasselbe Konto eingeloggt sind, um besser zu verstehen, welche Produkte und Dienstleistungen f\u00fcr Sie von Interesse sein k\u00f6nnten.<\/p>\n<p><!-- \/wp:paragraph --><\/p>\n<p><!-- wp:heading --><\/p>\n<h2 class=\"wp-block-heading\">Lokale Speicherobjekte<\/h2>\n<p><!-- \/wp:heading --><\/p>\n<p><!-- wp:paragraph --><\/p>\n<p>Wir verwenden auch Local Storage Objects (LSOs), wie z. B. HTML5, um u. a. die Bildschirmdarstellung, Videos und andere Einstellungsinformationen zu optimieren.<\/p>\n<p><!-- \/wp:paragraph --><\/p>\n<p><!-- wp:heading --><\/p>\n<h2 class=\"wp-block-heading\">Google Analytics<\/h2>\n<p><!-- \/wp:heading --><\/p>\n<p><!-- wp:paragraph --><\/p>\n<p>Wir verwenden Google Analytics, ein Webanalysetool, das uns hilft zu verstehen, wie die Nutzer mit unseren Websites umgehen. Wie viele andere Dienste verwendet Google Analytics Cookies von Erstanbietern, um die Interaktionen der Nutzer zu verfolgen, wie in unserem Fall, wo sie verwendet werden, um Informationen dar\u00fcber zu sammeln, wie die Nutzer unsere Website nutzen. Diese Informationen werden zur Erstellung von Berichten verwendet und helfen uns, unsere Websites zu verbessern. Die Berichte geben Aufschluss \u00fcber Website-Trends, ohne einzelne Besucher zu identifizieren.<\/p>\n<p><!-- \/wp:paragraph --><\/p>\n<p><!-- wp:heading --><\/p>\n<h2 class=\"wp-block-heading\">Warum verwenden wir Cookies<\/h2>\n<p><!-- \/wp:heading --><\/p>\n<p><!-- wp:paragraph --><\/p>\n<p>Wir verwenden im Allgemeinen Cookies, die f\u00fcr das Funktionieren unserer Websites notwendig oder wesentlich sind, Cookies, die uns helfen, die Leistung zu verbessern oder die Funktionalit\u00e4t unserer Websites anzupassen, und Cookies, die uns helfen, Ihnen relevante Werbung zu zeigen. Die unten beschriebenen Arten von Cookies k\u00f6nnen von uns oder von einem Drittanbieter gesetzt werden, der uns bei der Ausf\u00fchrung der unten genannten Funktionen unterst\u00fctzt. Insbesondere verwenden wir Cookies aus den folgenden Gr\u00fcnden:<\/p>\n<p><strong>- Streng notwendig:<\/strong>&nbsp;Diese Cookies und Tracking-Technologien erm\u00f6glichen es Ihnen, auf unseren Websites zu navigieren und wichtige Funktionen wie sichere Bereiche und Warenk\u00f6rbe zu nutzen. Ohne diese Technologien sind wir nicht in der Lage, Ihnen die wichtigsten Funktionen unserer Websites, Produkte und Dienstleistungen zur Verf\u00fcgung zu stellen.<br \/><strong>- Leistung:&nbsp;<\/strong>Diese Cookies und Tracking-Technologien helfen uns zu verstehen, wie Kunden und Besucher mit unseren Websites interagieren. Sie liefern uns Informationen \u00fcber die besuchten Bereiche unserer Website, die auf unseren Websites verbrachte Zeit und alle Fehlermeldungen, die Sie erhalten, so dass wir die Leistung unserer Websites verbessern k\u00f6nnen. Sie sammeln keine Informationen, die Sie identifizieren k\u00f6nnten.<br \/><strong>- Funktionell:<\/strong>&nbsp;Diese Cookies und Tracking-Technologien werden verwendet, um bestimmte Dienste bereitzustellen oder um Einstellungen zu speichern, die Ihren Besuch verbessern, sind aber f\u00fcr die Nutzung unserer Websites nicht unbedingt erforderlich. Sie k\u00f6nnen pers\u00f6nliche Informationen enthalten, die Sie uns mitgeteilt haben.<br \/><strong>- Targeting oder Werbung:<\/strong>&nbsp;Diese Cookies und Tracking-Technologien erm\u00f6glichen es uns, Inhalte einschlie\u00dflich Werbung zu liefern, die Ihren spezifischen Interessen entsprechen. Diese Inhalte k\u00f6nnen auf unseren Websites oder auf Websites oder Diensten von Dritten bereitgestellt werden. Sie erm\u00f6glichen es uns, die Relevanz unserer Werbung zu verstehen und zu verbessern. Sie k\u00f6nnen pers\u00f6nliche Informationen, einschlie\u00dflich Ihrer IP-Adresse, verfolgen.<br \/><strong>- Cookies f\u00fcr soziale Medien:<\/strong>&nbsp;Diese Cookies werden von Drittanbietern, darunter Facebook und Twitter, gesetzt und erm\u00f6glichen es Ihnen, Ihre Aktivit\u00e4ten auf unseren Websites in sozialen Medien zu teilen.<\/p>\n<p><!-- \/wp:paragraph --><\/p>\n<p><!-- wp:heading --><\/p>\n<h2 class=\"wp-block-heading\"><strong>Wie kann ich Cookies kontrollieren?<\/strong><\/h2>\n<p><!-- \/wp:heading --><\/p>\n<p><!-- wp:paragraph --><\/p>\n<p>Wenn Sie unsere Websites von Europa aus besuchen, werden auf unseren Websites standardm\u00e4\u00dfig nur unbedingt notwendige Cookies und andere Tracking-Technologien verwendet. Andere Cookies und Tracking-Technologien werden nur mit Ihrer Zustimmung verwendet.<\/p>\n<p>Wenn Sie unsere Website von au\u00dferhalb Europas besuchen, werden standardm\u00e4\u00dfig die oben genannten Cookies und \u00e4hnliche Tracking-Technologien verwendet.<\/p>\n<p>Internet-Browser erm\u00f6glichen es Ihnen, Ihre Cookie-Einstellungen \u00fcber das Men\u00fc \u201cOptionen\u2019 oder \u201cEinstellungen\u201d in Ihrem Browser zu \u00e4ndern. Bitte beachten Sie, dass, wenn Sie Ihren Browser so einstellen, dass er alle Cookies ablehnt oder blockiert, bestimmte Merkmale oder Funktionen unserer Websites f\u00fcr Sie nur eingeschr\u00e4nkt oder gar nicht verf\u00fcgbar sind.<\/p>\n<p>Einige Internet-Browser bieten die M\u00f6glichkeit, \u201cdo not track\u201d-Signale zu \u00fcbermitteln. Da noch kein Industriestandard in Bezug auf \u201cdo not track\u201d entwickelt wurde, verarbeiten unsere Websites derzeit solche \u201cdo not track\u201d-Signale nicht und reagieren auch nicht darauf.<\/p>\n<p>Sie k\u00f6nnen sich von Google Analytics abmelden, ohne dass dies Auswirkungen auf Ihren Besuch auf unserer Website hat. Weitere Informationen zur Deaktivierung der Verfolgung durch Google Analytics auf allen von Ihnen genutzten Websites finden Sie auf dieser Google-Seite: https:\/\/tools.google.com\/dlpage\/gaoptout.<\/p>\n<p>Um zu erfahren, wie Sie die Datenschutz- und Speichereinstellungen f\u00fcr Flash-Cookies verwalten k\u00f6nnen, besuchen Sie http:\/\/www.macromedia.com\/support\/documentation\/en\/flashplayer\/help\/settings_manager07.html.<\/p>\n<p>Weitere Informationen zum L\u00f6schen und Blockieren von Cookies finden Sie unter http:\/\/www.allaboutcookies.org.<\/p>\n<p>Weitere Informationen \u00fcber die Verwendung von Cookies durch unsere Werbepartner finden Sie unter:<\/p>\n<p>Europ\u00e4ische Allianz f\u00fcr interaktive digitale Werbung: http:\/\/www.youronlinechoices.eu\/<br \/>Internet Advertising Bureau (US): https:\/\/www.iab.com\/<br \/>Internet Advertising Bureau (EU): https:\/\/www.iabeurope.eu\/<\/p>\n<p><!-- \/wp:paragraph --><\/p>\n<p><!-- wp:heading --><\/p>\n<h2 class=\"wp-block-heading\">Wie kann ich weitere Informationen erhalten?<\/h2>\n<p><!-- \/wp:heading --><\/p>\n<p><!-- wp:paragraph --><\/p>\n<p>Wenn Sie Fragen zu unserer Verwendung von Cookies oder anderen Tracking-Technologien haben, senden Sie uns bitte eine E-Mail an legal@cloudingdots.com.<\/p>\n<p><!-- \/wp:paragraph --><\/p>\n<\/div><\/div><\/div><\/div><\/div>","protected":false},"excerpt":{"rendered":"","protected":false},"author":1,"featured_media":0,"parent":0,"menu_order":0,"comment_status":"closed","ping_status":"closed","template":"","meta":{"footnotes":""},"class_list":["post-549","page","type-page","status-publish","hentry"],"yoast_head":"<!-- This site is optimized with the Yoast SEO plugin v27.3 - https:\/\/yoast.com\/product\/yoast-seo-wordpress\/ -->\n<title>Cookies Policy - Cloudingdots<\/title>\n<meta name=\"robots\" content=\"index, follow, max-snippet:-1, max-image-preview:large, max-video-preview:-1\" \/>\n<link rel=\"canonical\" href=\"https:\/\/cloudingdots.com\/de\/cookie-richtlinie\/\" \/>\n<meta property=\"og:locale\" content=\"de_DE\" \/>\n<meta property=\"og:type\" content=\"article\" \/>\n<meta property=\"og:title\" content=\"Cookies Policy - Cloudingdots\" \/>\n<meta property=\"og:url\" content=\"https:\/\/cloudingdots.com\/de\/cookie-richtlinie\/\" \/>\n<meta property=\"og:site_name\" content=\"Cloudingdots\" \/>\n<meta property=\"article:publisher\" content=\"https:\/\/facebook.com\/cloudingdots\/\" \/>\n<meta property=\"article:modified_time\" content=\"2026-03-19T14:35:47+00:00\" \/>\n<meta name=\"twitter:card\" content=\"summary_large_image\" \/>\n<meta name=\"twitter:site\" content=\"@cloudingdots\" \/>\n<script type=\"application\/ld+json\" class=\"yoast-schema-graph\">{\"@context\":\"https:\\\/\\\/schema.org\",\"@graph\":[{\"@type\":\"WebPage\",\"@id\":\"https:\\\/\\\/cloudingdots.com\\\/en\\\/cookies-policy\\\/\",\"url\":\"https:\\\/\\\/cloudingdots.com\\\/en\\\/cookies-policy\\\/\",\"name\":\"Cookies Policy - Cloudingdots\",\"isPartOf\":{\"@id\":\"https:\\\/\\\/cloudingdots.com\\\/#website\"},\"datePublished\":\"2025-05-22T13:21:34+00:00\",\"dateModified\":\"2026-03-19T14:35:47+00:00\",\"breadcrumb\":{\"@id\":\"https:\\\/\\\/cloudingdots.com\\\/en\\\/cookies-policy\\\/#breadcrumb\"},\"inLanguage\":\"de\",\"potentialAction\":[{\"@type\":\"ReadAction\",\"target\":[\"https:\\\/\\\/cloudingdots.com\\\/en\\\/cookies-policy\\\/\"]}]},{\"@type\":\"BreadcrumbList\",\"@id\":\"https:\\\/\\\/cloudingdots.com\\\/en\\\/cookies-policy\\\/#breadcrumb\",\"itemListElement\":[{\"@type\":\"ListItem\",\"position\":1,\"name\":\"Home\",\"item\":\"https:\\\/\\\/cloudingdots.com\\\/\"},{\"@type\":\"ListItem\",\"position\":2,\"name\":\"Cookies Policy\"}]},{\"@type\":\"WebSite\",\"@id\":\"https:\\\/\\\/cloudingdots.com\\\/#website\",\"url\":\"https:\\\/\\\/cloudingdots.com\\\/\",\"name\":\"CloudingDots\",\"description\":\"Start and Grow Your Business\",\"publisher\":{\"@id\":\"https:\\\/\\\/cloudingdots.com\\\/#organization\"},\"potentialAction\":[{\"@type\":\"SearchAction\",\"target\":{\"@type\":\"EntryPoint\",\"urlTemplate\":\"https:\\\/\\\/cloudingdots.com\\\/?s={search_term_string}\"},\"query-input\":{\"@type\":\"PropertyValueSpecification\",\"valueRequired\":true,\"valueName\":\"search_term_string\"}}],\"inLanguage\":\"de\"},{\"@type\":\"Organization\",\"@id\":\"https:\\\/\\\/cloudingdots.com\\\/#organization\",\"name\":\"CloudingDots\",\"url\":\"https:\\\/\\\/cloudingdots.com\\\/\",\"logo\":{\"@type\":\"ImageObject\",\"inLanguage\":\"de\",\"@id\":\"https:\\\/\\\/cloudingdots.com\\\/#\\\/schema\\\/logo\\\/image\\\/\",\"url\":\"https:\\\/\\\/cloudingdots.com\\\/wp-content\\\/uploads\\\/2025\\\/05\\\/logo-primary.png\",\"contentUrl\":\"https:\\\/\\\/cloudingdots.com\\\/wp-content\\\/uploads\\\/2025\\\/05\\\/logo-primary.png\",\"width\":191,\"height\":60,\"caption\":\"CloudingDots\"},\"image\":{\"@id\":\"https:\\\/\\\/cloudingdots.com\\\/#\\\/schema\\\/logo\\\/image\\\/\"},\"sameAs\":[\"https:\\\/\\\/facebook.com\\\/cloudingdots\\\/\",\"https:\\\/\\\/x.com\\\/cloudingdots\",\"https:\\\/\\\/instagram.com\\\/cloudingdots\\\/\",\"https:\\\/\\\/pinterest.com\\\/cloudingdots\\\/\",\"https:\\\/\\\/www.linkedin.com\\\/company\\\/cloudingdots\",\"https:\\\/\\\/www.instagram.com\\\/cloudingdots\\\/\"]}]}<\/script>\n<!-- \/ Yoast SEO plugin. -->","yoast_head_json":{"title":"Cookies Policy - Cloudingdots","robots":{"index":"index","follow":"follow","max-snippet":"max-snippet:-1","max-image-preview":"max-image-preview:large","max-video-preview":"max-video-preview:-1"},"canonical":"https:\/\/cloudingdots.com\/de\/cookie-richtlinie\/","og_locale":"de_DE","og_type":"article","og_title":"Cookies Policy - Cloudingdots","og_url":"https:\/\/cloudingdots.com\/de\/cookie-richtlinie\/","og_site_name":"Cloudingdots","article_publisher":"https:\/\/facebook.com\/cloudingdots\/","article_modified_time":"2026-03-19T14:35:47+00:00","twitter_card":"summary_large_image","twitter_site":"@cloudingdots","schema":{"@context":"https:\/\/schema.org","@graph":[{"@type":"WebPage","@id":"https:\/\/cloudingdots.com\/en\/cookies-policy\/","url":"https:\/\/cloudingdots.com\/en\/cookies-policy\/","name":"Cookies Policy - Cloudingdots","isPartOf":{"@id":"https:\/\/cloudingdots.com\/#website"},"datePublished":"2025-05-22T13:21:34+00:00","dateModified":"2026-03-19T14:35:47+00:00","breadcrumb":{"@id":"https:\/\/cloudingdots.com\/en\/cookies-policy\/#breadcrumb"},"inLanguage":"de","potentialAction":[{"@type":"ReadAction","target":["https:\/\/cloudingdots.com\/en\/cookies-policy\/"]}]},{"@type":"BreadcrumbList","@id":"https:\/\/cloudingdots.com\/en\/cookies-policy\/#breadcrumb","itemListElement":[{"@type":"ListItem","position":1,"name":"Home","item":"https:\/\/cloudingdots.com\/"},{"@type":"ListItem","position":2,"name":"Cookies Policy"}]},{"@type":"WebSite","@id":"https:\/\/cloudingdots.com\/#website","url":"https:\/\/cloudingdots.com\/","name":"CloudingDots","description":"Start und Wachstum Ihres Unternehmens","publisher":{"@id":"https:\/\/cloudingdots.com\/#organization"},"potentialAction":[{"@type":"SearchAction","target":{"@type":"EntryPoint","urlTemplate":"https:\/\/cloudingdots.com\/?s={search_term_string}"},"query-input":{"@type":"PropertyValueSpecification","valueRequired":true,"valueName":"search_term_string"}}],"inLanguage":"de"},{"@type":"Organization","@id":"https:\/\/cloudingdots.com\/#organization","name":"CloudingDots","url":"https:\/\/cloudingdots.com\/","logo":{"@type":"ImageObject","inLanguage":"de","@id":"https:\/\/cloudingdots.com\/#\/schema\/logo\/image\/","url":"https:\/\/cloudingdots.com\/wp-content\/uploads\/2025\/05\/logo-primary.png","contentUrl":"https:\/\/cloudingdots.com\/wp-content\/uploads\/2025\/05\/logo-primary.png","width":191,"height":60,"caption":"CloudingDots"},"image":{"@id":"https:\/\/cloudingdots.com\/#\/schema\/logo\/image\/"},"sameAs":["https:\/\/facebook.com\/cloudingdots\/","https:\/\/x.com\/cloudingdots","https:\/\/instagram.com\/cloudingdots\/","https:\/\/pinterest.com\/cloudingdots\/","https:\/\/www.linkedin.com\/company\/cloudingdots","https:\/\/www.instagram.com\/cloudingdots\/"]}]}},"_links":{"self":[{"href":"https:\/\/cloudingdots.com\/de\/wp-json\/wp\/v2\/pages\/549","targetHints":{"allow":["GET"]}}],"collection":[{"href":"https:\/\/cloudingdots.com\/de\/wp-json\/wp\/v2\/pages"}],"about":[{"href":"https:\/\/cloudingdots.com\/de\/wp-json\/wp\/v2\/types\/page"}],"author":[{"embeddable":true,"href":"https:\/\/cloudingdots.com\/de\/wp-json\/wp\/v2\/users\/1"}],"replies":[{"embeddable":true,"href":"https:\/\/cloudingdots.com\/de\/wp-json\/wp\/v2\/comments?post=549"}],"version-history":[{"count":4,"href":"https:\/\/cloudingdots.com\/de\/wp-json\/wp\/v2\/pages\/549\/revisions"}],"predecessor-version":[{"id":901,"href":"https:\/\/cloudingdots.com\/de\/wp-json\/wp\/v2\/pages\/549\/revisions\/901"}],"wp:attachment":[{"href":"https:\/\/cloudingdots.com\/de\/wp-json\/wp\/v2\/media?parent=549"}],"curies":[{"name":"wp","href":"https:\/\/api.w.org\/{rel}","templated":true}]}}