{"id":12,"date":"2025-05-02T09:49:34","date_gmt":"2025-05-02T09:49:34","guid":{"rendered":"https:\/\/dev.cloudingdots.com\/?page_id=12"},"modified":"2026-01-16T20:19:30","modified_gmt":"2026-01-16T20:19:30","slug":"domena","status":"publish","type":"page","link":"https:\/\/cloudingdots.com\/pl\/domain\/","title":{"rendered":"Domena"},"content":{"rendered":"<p><div class=\"et_d4_element et_pb_section et_pb_section_0 et_pb_with_background  et_pb_css_mix_blend_mode et_section_regular et_block_section\" >\n\t\t\t\t\n\t\t\t\t\n\t\t\t\t\n\t\t\t\t\n\t\t\t\t\n\t\t\t\t\n\t\t\t\t<div class=\"et_d4_element et_pb_row et_pb_row_0  et_pb_css_mix_blend_mode et_block_row\">\n\t\t\t\t<div class=\"et_d4_element et_pb_column_1_2 et_pb_column et_pb_column_0  et_pb_css_mix_blend_mode et_block_column\">\n\t\t\t\t\n\t\t\t\t\n\t\t\t\t\n\t\t\t\t\n\t\t\t\t<div class=\"et_pb_module et_d4_element et_pb_text et_pb_text_0  et_pb_text_align_left et_pb_bg_layout_light\">\n\t\t\t\t\n\t\t\t\t\n\t\t\t\t\n\t\t\t\t\n\t\t\t\t<div class=\"et_pb_text_inner\"><h5>Domena<\/h5><\/div>\n\t\t\t<\/div><div class=\"et_pb_module et_d4_element et_pb_text et_pb_text_1  et_pb_text_align_left et_pb_bg_layout_light\">\n\t\t\t\t\n\t\t\t\t\n\t\t\t\t\n\t\t\t\t\n\t\t\t\t<div class=\"et_pb_text_inner\"><h1 class=\"strong-green\">Rozpocznij swoj\u0105 dzia\u0142alno\u015b\u0107 online z doskona\u0142\u0105 nazw\u0105 domeny<\/h1><\/div>\n\t\t\t<\/div><div class=\"et_pb_module et_d4_element et_pb_text et_pb_text_2  et_pb_text_align_left et_pb_bg_layout_light\">\n\t\t\t\t\n\t\t\t\t\n\t\t\t\t\n\t\t\t\t\n\t\t\t\t<div class=\"et_pb_text_inner\"><h3><span>Twoja domena pomaga ludziom znale\u017a\u0107 Ci\u0119 online i robi pierwsze wra\u017cenie. Znajd\u017a tak\u0105, kt\u00f3ra b\u0119dzie Ci\u0119 doskonale reprezentowa\u0107.<\/span><\/h3><\/div>\n\t\t\t<\/div><div class=\"et_pb_button_module_wrapper et_pb_button_0_wrapper  et_pb_module\">\n\t\t\t\t<a class=\"et_pb_button et_d4_element et_pb_button_0 et_pb_bg_layout_light et_block_module\" href=\"#domain-search\" data-icon=\"$\">Rozpocznij wyszukiwanie<\/a>\n\t\t\t<\/div>\n\t\t\t<\/div><div class=\"et_d4_element et_pb_column_1_2 et_pb_column et_pb_column_1  et_pb_css_mix_blend_mode et-last-child et_block_column\">\n\t\t\t\t\n\t\t\t\t\n\t\t\t\t\n\t\t\t\t\n\t\t\t\t<div class=\"et_pb_module et_d4_element et_pb_image et_pb_image_0\">\n\t\t\t\t\n\t\t\t\t\n\t\t\t\t\n\t\t\t\t\n\t\t\t\t<span class=\"et_pb_image_wrap\"><img loading=\"lazy\" decoding=\"async\" width=\"750\" height=\"500\" src=\"https:\/\/dev.cloudingdots.com\/wp-content\/uploads\/2025\/05\/domain-search.webp\" alt=\"\" title=\"wyszukiwanie domen\" srcset=\"https:\/\/cloudingdots.com\/wp-content\/uploads\/2025\/05\/domain-search.webp 750w, https:\/\/cloudingdots.com\/wp-content\/uploads\/2025\/05\/domain-search-480x320.webp 480w\" sizes=\"(min-width: 0px) and (max-width: 480px) 480px, (min-width: 481px) 750px, 100vw\" class=\"wp-image-505\" \/><\/span>\n\t\t\t<\/div>\n\t\t\t<\/div>\n\t\t\t\t\n\t\t\t\t\n\t\t\t\t\n\t\t\t\t\n\t\t\t<\/div>\n\t\t\t\t\n\t\t\t\t\n\t\t\t<\/div><div class=\"et_d4_element et_pb_section et_pb_section_1  et_pb_css_mix_blend_mode et_section_regular et_block_section\" >\n\t\t\t\t\n\t\t\t\t\n\t\t\t\t\n\t\t\t\t\n\t\t\t\t\n\t\t\t\t\n\t\t\t\t<div class=\"et_d4_element et_pb_row et_pb_row_1  et_pb_css_mix_blend_mode et_block_row\">\n\t\t\t\t<div class=\"et_d4_element et_pb_column_4_4 et_pb_column et_pb_column_2  et_pb_css_mix_blend_mode et-last-child et_block_column\">\n\t\t\t\t\n\t\t\t\t\n\t\t\t\t\n\t\t\t\t\n\t\t\t\t<div class=\"et_pb_module et_d4_element et_pb_text et_pb_text_3  et_pb_text_align_left et_pb_bg_layout_light\">\n\t\t\t\t\n\t\t\t\t\n\t\t\t\t\n\t\t\t\t\n\t\t\t\t<div class=\"et_pb_text_inner\"><h2>B\u0142yskawiczne znalezienie idealnej domeny<\/h2><\/div>\n\t\t\t<\/div>\n\t\t\t<\/div>\n\t\t\t\t\n\t\t\t\t\n\t\t\t\t\n\t\t\t\t\n\t\t\t<\/div><div id=\"domain-search\" class=\"et_d4_element et_pb_row et_pb_row_2  et_pb_css_mix_blend_mode et_block_row\">\n\t\t\t\t<div class=\"et_d4_element et_pb_column_1_4 et_pb_column et_pb_column_3  et_pb_css_mix_blend_mode et_block_column et_pb_column_empty\">\n\t\t\t\t\n\t\t\t\t\n\t\t\t\t\n\t\t\t\t\n\t\t\t\t\n\t\t\t<\/div><div class=\"et_d4_element et_pb_column_1_2 et_pb_column et_pb_column_4  et_pb_css_mix_blend_mode et_block_column\">\n\t\t\t\t\n\t\t\t\t\n\t\t\t\t\n\t\t\t\t\n\t\t\t\t<div class=\"et_pb_module et_d4_element et_pb_code et_pb_code_0\">\n\t\t\t\t\n\t\t\t\t\n\t\t\t\t\n\t\t\t\t\n\t\t\t\t<div class=\"et_pb_code_inner\"><form action=\"https:\/\/store.cloudingdots.com\/cart.php?a=add&domain=register\" method=\"post\" style=\"display: flex; gap: 8px; max-width: 100%;\">\n  <input type=\"text\" name=\"query\" style=\"flex: 1; padding: 8px; font-size: 16px;\" placeholder=\"Wyszukaj domen\u0119...\" \/>\n  <input type=\"submit\" value=\"Id\u017a\" style=\"padding: 8px 16px; font-size: 16px; cursor: pointer;\" \/>\n<\/form><\/div>\n\t\t\t<\/div>\n\t\t\t<\/div><div class=\"et_d4_element et_pb_column_1_4 et_pb_column et_pb_column_5  et_pb_css_mix_blend_mode et-last-child et_block_column et_pb_column_empty\">\n\t\t\t\t\n\t\t\t\t\n\t\t\t\t\n\t\t\t\t\n\t\t\t\t\n\t\t\t<\/div>\n\t\t\t\t\n\t\t\t\t\n\t\t\t\t\n\t\t\t\t\n\t\t\t<\/div>\n\t\t\t\t\n\t\t\t\t\n\t\t\t<\/div><div class=\"et_d4_element et_pb_section et_pb_section_2  et_pb_css_mix_blend_mode et_section_regular et_block_section\" >\n\t\t\t\t\n\t\t\t\t\n\t\t\t\t\n\t\t\t\t\n\t\t\t\t\n\t\t\t\t\n\t\t\t\t<div class=\"et_d4_element et_pb_row et_pb_row_3  et_pb_css_mix_blend_mode et_block_row\">\n\t\t\t\t<div class=\"et_d4_element et_pb_column_1_2 et_pb_column et_pb_column_6  et_pb_css_mix_blend_mode et_block_column\">\n\t\t\t\t\n\t\t\t\t\n\t\t\t\t\n\t\t\t\t\n\t\t\t\t<div class=\"et_pb_module et_d4_element et_pb_text et_pb_text_4  et_pb_text_align_left et_pb_bg_layout_light\">\n\t\t\t\t\n\t\t\t\t\n\t\t\t\t\n\t\t\t\t\n\t\t\t\t<div class=\"et_pb_text_inner\"><h2>B\u0142yskawiczne znalezienie nowej domeny<\/h2><\/div>\n\t\t\t<\/div><div class=\"et_pb_module et_d4_element et_pb_text et_pb_text_5  et_pb_text_align_left et_pb_bg_layout_light\">\n\t\t\t\t\n\t\t\t\t\n\t\t\t\t\n\t\t\t\t\n\t\t\t\t<div class=\"et_pb_text_inner\"><p><span>Skorzystaj z naszego bezp\u0142atnego wyszukiwania natychmiastowego, aby przegl\u0105da\u0107 dost\u0119pne domeny gotowe do natychmiastowej rejestracji. Po prostu wpisz nazw\u0119 swojej marki, s\u0142owa kluczowe lub fraz\u0119, a nast\u0119pnie mo\u017cesz przegl\u0105da\u0107 nazwy domen, aby znale\u017a\u0107 t\u0119, kt\u00f3ra wyr\u00f3\u017cni Twoj\u0105 firm\u0119 na tle innych. Mo\u017cesz nawet wprowadzi\u0107 okre\u015blone TLD lub pozwoli\u0107 naszemu inteligentnemu wyszukiwaniu sprawdzi\u0107 nazwy domen i pokaza\u0107 najlepsze opcje.<\/span><\/p><\/div>\n\t\t\t<\/div><div class=\"et_pb_button_module_wrapper et_pb_button_1_wrapper  et_pb_module\">\n\t\t\t\t<a class=\"et_pb_button et_d4_element et_pb_button_1 et_pb_bg_layout_light et_block_module\" href=\"https:\/\/store.cloudingdots.com\/cart.php?a=add&#038;domain=register\" data-icon=\"$\">Wyszukaj nazw\u0119 domeny<\/a>\n\t\t\t<\/div>\n\t\t\t<\/div><div class=\"et_d4_element et_pb_column_1_2 et_pb_column et_pb_column_7  et_pb_css_mix_blend_mode et-last-child et_block_column\">\n\t\t\t\t\n\t\t\t\t\n\t\t\t\t\n\t\t\t\t\n\t\t\t\t<div class=\"et_pb_module et_d4_element et_pb_image et_pb_image_1\">\n\t\t\t\t\n\t\t\t\t\n\t\t\t\t\n\t\t\t\t\n\t\t\t\t<span class=\"et_pb_image_wrap\"><img loading=\"lazy\" decoding=\"async\" width=\"750\" height=\"500\" src=\"https:\/\/dev.cloudingdots.com\/wp-content\/uploads\/2025\/05\/search-domain.webp\" alt=\"\" title=\"domena wyszukiwania\" srcset=\"https:\/\/cloudingdots.com\/wp-content\/uploads\/2025\/05\/search-domain.webp 750w, https:\/\/cloudingdots.com\/wp-content\/uploads\/2025\/05\/search-domain-480x320.webp 480w\" sizes=\"(min-width: 0px) and (max-width: 480px) 480px, (min-width: 481px) 750px, 100vw\" class=\"wp-image-512\" \/><\/span>\n\t\t\t<\/div>\n\t\t\t<\/div>\n\t\t\t\t\n\t\t\t\t\n\t\t\t\t\n\t\t\t\t\n\t\t\t<\/div>\n\t\t\t\t\n\t\t\t\t\n\t\t\t<\/div><div class=\"et_d4_element et_pb_section et_pb_section_3  et_pb_css_mix_blend_mode et_section_regular et_block_section\" >\n\t\t\t\t\n\t\t\t\t\n\t\t\t\t\n\t\t\t\t\n\t\t\t\t\n\t\t\t\t\n\t\t\t\t<div class=\"et_d4_element et_pb_row et_pb_row_4  et_pb_css_mix_blend_mode et_block_row\">\n\t\t\t\t<div class=\"et_d4_element et_pb_column_1_2 et_pb_column et_pb_column_8  et_pb_css_mix_blend_mode et_block_column\">\n\t\t\t\t\n\t\t\t\t\n\t\t\t\t\n\t\t\t\t\n\t\t\t\t<div class=\"et_pb_module et_d4_element et_pb_image et_pb_image_2\">\n\t\t\t\t\n\t\t\t\t\n\t\t\t\t\n\t\t\t\t\n\t\t\t\t<span class=\"et_pb_image_wrap\"><img loading=\"lazy\" decoding=\"async\" width=\"750\" height=\"500\" src=\"https:\/\/dev.cloudingdots.com\/wp-content\/uploads\/2025\/05\/transfer-domain.webp\" alt=\"transfer domeny do cloudingdots\" title=\"domena transferu\" srcset=\"https:\/\/cloudingdots.com\/wp-content\/uploads\/2025\/05\/transfer-domain.webp 750w, https:\/\/cloudingdots.com\/wp-content\/uploads\/2025\/05\/transfer-domain-480x320.webp 480w\" sizes=\"(min-width: 0px) and (max-width: 480px) 480px, (min-width: 481px) 750px, 100vw\" class=\"wp-image-514\" \/><\/span>\n\t\t\t<\/div>\n\t\t\t<\/div><div class=\"et_d4_element et_pb_column_1_2 et_pb_column et_pb_column_9  et_pb_css_mix_blend_mode et-last-child et_block_column\">\n\t\t\t\t\n\t\t\t\t\n\t\t\t\t\n\t\t\t\t\n\t\t\t\t<div class=\"et_pb_module et_d4_element et_pb_text et_pb_text_6  et_pb_text_align_left et_pb_bg_layout_light\">\n\t\t\t\t\n\t\t\t\t\n\t\t\t\t\n\t\t\t\t\n\t\t\t\t<div class=\"et_pb_text_inner\"><h2>Przenie\u015b swoj\u0105 domen\u0119 do Clouding Dots<\/h2><\/div>\n\t\t\t<\/div><div class=\"et_pb_module et_d4_element et_pb_text et_pb_text_7  et_pb_text_align_left et_pb_bg_layout_light\">\n\t\t\t\t\n\t\t\t\t\n\t\t\t\t\n\t\t\t\t\n\t\t\t\t<div class=\"et_pb_text_inner\"><p><span>Czy masz ju\u017c unikaln\u0105 domen\u0119 u innego us\u0142ugodawcy? Mo\u017cesz z \u0142atwo\u015bci\u0105 przenie\u015b\u0107 j\u0105 do NameHero, korzystaj\u0105c z naszego inteligentnego wyszukiwania i wybieraj\u0105c opcj\u0119 transferu. Nie musisz si\u0119 martwi\u0107, je\u015bli Twoje nazwy domen nie s\u0105 gotowe do odnowienia. Nie stracisz czasu, za kt\u00f3ry ju\u017c zap\u0142aci\u0142e\u015b.<\/span><\/p><\/div>\n\t\t\t<\/div><div class=\"et_pb_button_module_wrapper et_pb_button_2_wrapper  et_pb_module\">\n\t\t\t\t<a class=\"et_pb_button et_d4_element et_pb_button_2 et_pb_bg_layout_light et_block_module\" href=\"https:\/\/store.cloudingdots.com\/cart.php?a=add&#038;domain=transfer\" data-icon=\"$\">Transfer domeny<\/a>\n\t\t\t<\/div>\n\t\t\t<\/div>\n\t\t\t\t\n\t\t\t\t\n\t\t\t\t\n\t\t\t\t\n\t\t\t<\/div>\n\t\t\t\t\n\t\t\t\t\n\t\t\t<\/div><div class=\"et_d4_element et_pb_section et_pb_section_4  et_pb_css_mix_blend_mode et_section_regular et_block_section\" >\n\t\t\t\t\n\t\t\t\t\n\t\t\t\t\n\t\t\t\t\n\t\t\t\t\n\t\t\t\t\n\t\t\t\t<div class=\"et_d4_element et_pb_row et_pb_row_5  et_pb_css_mix_blend_mode et_block_row\">\n\t\t\t\t<div class=\"et_d4_element et_pb_column_1_2 et_pb_column et_pb_column_10  et_pb_css_mix_blend_mode et_block_column\">\n\t\t\t\t\n\t\t\t\t\n\t\t\t\t\n\t\t\t\t\n\t\t\t\t<div class=\"et_pb_module et_d4_element et_pb_text et_pb_text_8  et_pb_text_align_left et_pb_bg_layout_light\">\n\t\t\t\t\n\t\t\t\t\n\t\t\t\t\n\t\t\t\t\n\t\t\t\t<div class=\"et_pb_text_inner\"><h2>\u0141atwe zarz\u0105dzanie domenami obs\u0142ugiwane przez CloudingDots<\/h2><\/div>\n\t\t\t<\/div><div class=\"et_pb_module et_d4_element et_pb_text et_pb_text_9  et_pb_text_align_left et_pb_bg_layout_light\">\n\t\t\t\t\n\t\t\t\t\n\t\t\t\t\n\t\t\t\t\n\t\t\t\t<div class=\"et_pb_text_inner\"><p class=\"section__desc p-3-l text-left\">Zarz\u0105dzanie nazwami domen to pestka z CloudingDots. Niezale\u017cnie od tego, czy masz tysi\u0105ce nazw domen, czy tylko jedn\u0105, kt\u00f3r\u0105 kochasz, mo\u017cesz \u0142atwo zarz\u0105dza\u0107 nimi za pomoc\u0105 naszego portalu klienta, kt\u00f3ry pozwala na:<\/p>\n<ul class=\"list-orange\">\n<li class=\"p-3-l\">Zarz\u0105dzanie odnowieniami nazw domen.<\/li>\n<li class=\"p-3-l\">Dodaj nasz\u0105 ochron\u0119 antyspamow\u0105 Whois.<\/li>\n<li class=\"p-3-l\">Zbuduj swoj\u0105 w\u0142asn\u0105 stron\u0119 internetow\u0105.<\/li>\n<\/ul>\n<p class=\"section__desc p-3-l text-left\">W razie jakichkolwiek pyta\u0144 prosimy o kontakt.<\/p><\/div>\n\t\t\t<\/div><div class=\"et_pb_button_module_wrapper et_pb_button_3_wrapper  et_pb_module\">\n\t\t\t\t<a class=\"et_pb_button et_d4_element et_pb_button_3 et_pb_bg_layout_light et_block_module\" href=\"https:\/\/store.cloudingdots.com\/cart.php?a=add&#038;domain=register\" data-icon=\"$\">Zarejestruj swoj\u0105 domen\u0119<\/a>\n\t\t\t<\/div>\n\t\t\t<\/div><div class=\"et_d4_element et_pb_column_1_2 et_pb_column et_pb_column_11  et_pb_css_mix_blend_mode et-last-child et_block_column\">\n\t\t\t\t\n\t\t\t\t\n\t\t\t\t\n\t\t\t\t\n\t\t\t\t<div class=\"et_pb_module et_d4_element et_pb_image et_pb_image_3\">\n\t\t\t\t\n\t\t\t\t\n\t\t\t\t\n\t\t\t\t\n\t\t\t\t<span class=\"et_pb_image_wrap\"><img loading=\"lazy\" decoding=\"async\" width=\"612\" height=\"408\" src=\"https:\/\/dev.cloudingdots.com\/wp-content\/uploads\/2025\/05\/domain_management.webp\" alt=\"\" title=\"domain_management\" srcset=\"https:\/\/cloudingdots.com\/wp-content\/uploads\/2025\/05\/domain_management.webp 612w, https:\/\/cloudingdots.com\/wp-content\/uploads\/2025\/05\/domain_management-480x320.webp 480w\" sizes=\"(min-width: 0px) and (max-width: 480px) 480px, (min-width: 481px) 612px, 100vw\" class=\"wp-image-516\" \/><\/span>\n\t\t\t<\/div>\n\t\t\t<\/div>\n\t\t\t\t\n\t\t\t\t\n\t\t\t\t\n\t\t\t\t\n\t\t\t<\/div>\n\t\t\t\t\n\t\t\t\t\n\t\t\t<\/div><\/p>","protected":false},"excerpt":{"rendered":"","protected":false},"author":1,"featured_media":0,"parent":0,"menu_order":0,"comment_status":"closed","ping_status":"closed","template":"","meta":{"_et_pb_use_builder":"on","_et_pb_old_content":"","_et_gb_content_width":"","footnotes":""},"class_list":["post-12","page","type-page","status-publish","hentry"],"yoast_head":"<!-- This site is optimized with the Yoast SEO plugin v27.3 - https:\/\/yoast.com\/product\/yoast-seo-wordpress\/ -->\n<title>Domain - Cloudingdots<\/title>\n<meta name=\"robots\" content=\"index, follow, max-snippet:-1, max-image-preview:large, max-video-preview:-1\" \/>\n<link rel=\"canonical\" href=\"https:\/\/cloudingdots.com\/pl\/domena\/\" \/>\n<meta property=\"og:locale\" content=\"pl_PL\" \/>\n<meta property=\"og:type\" content=\"article\" \/>\n<meta property=\"og:title\" content=\"Domain - Cloudingdots\" \/>\n<meta property=\"og:url\" content=\"https:\/\/cloudingdots.com\/pl\/domena\/\" \/>\n<meta property=\"og:site_name\" content=\"Cloudingdots\" \/>\n<meta property=\"article:publisher\" content=\"https:\/\/facebook.com\/cloudingdots\/\" \/>\n<meta property=\"article:modified_time\" content=\"2026-01-16T20:19:30+00:00\" \/>\n<meta name=\"twitter:card\" content=\"summary_large_image\" \/>\n<meta name=\"twitter:site\" content=\"@cloudingdots\" \/>\n<meta name=\"twitter:label1\" content=\"Szacowany czas czytania\" \/>\n\t<meta name=\"twitter:data1\" content=\"6 minut\" \/>\n<script type=\"application\/ld+json\" class=\"yoast-schema-graph\">{\"@context\":\"https:\\\/\\\/schema.org\",\"@graph\":[{\"@type\":\"WebPage\",\"@id\":\"https:\\\/\\\/cloudingdots.com\\\/domain\\\/\",\"url\":\"https:\\\/\\\/cloudingdots.com\\\/domain\\\/\",\"name\":\"Domain - Cloudingdots\",\"isPartOf\":{\"@id\":\"https:\\\/\\\/cloudingdots.com\\\/#website\"},\"datePublished\":\"2025-05-02T09:49:34+00:00\",\"dateModified\":\"2026-01-16T20:19:30+00:00\",\"breadcrumb\":{\"@id\":\"https:\\\/\\\/cloudingdots.com\\\/domain\\\/#breadcrumb\"},\"inLanguage\":\"pl-PL\",\"potentialAction\":[{\"@type\":\"ReadAction\",\"target\":[\"https:\\\/\\\/cloudingdots.com\\\/domain\\\/\"]}]},{\"@type\":\"BreadcrumbList\",\"@id\":\"https:\\\/\\\/cloudingdots.com\\\/domain\\\/#breadcrumb\",\"itemListElement\":[{\"@type\":\"ListItem\",\"position\":1,\"name\":\"Home\",\"item\":\"https:\\\/\\\/cloudingdots.com\\\/\"},{\"@type\":\"ListItem\",\"position\":2,\"name\":\"Domain\"}]},{\"@type\":\"WebSite\",\"@id\":\"https:\\\/\\\/cloudingdots.com\\\/#website\",\"url\":\"https:\\\/\\\/cloudingdots.com\\\/\",\"name\":\"CloudingDots\",\"description\":\"Start and Grow Your Business\",\"publisher\":{\"@id\":\"https:\\\/\\\/cloudingdots.com\\\/#organization\"},\"potentialAction\":[{\"@type\":\"SearchAction\",\"target\":{\"@type\":\"EntryPoint\",\"urlTemplate\":\"https:\\\/\\\/cloudingdots.com\\\/?s={search_term_string}\"},\"query-input\":{\"@type\":\"PropertyValueSpecification\",\"valueRequired\":true,\"valueName\":\"search_term_string\"}}],\"inLanguage\":\"pl-PL\"},{\"@type\":\"Organization\",\"@id\":\"https:\\\/\\\/cloudingdots.com\\\/#organization\",\"name\":\"CloudingDots\",\"url\":\"https:\\\/\\\/cloudingdots.com\\\/\",\"logo\":{\"@type\":\"ImageObject\",\"inLanguage\":\"pl-PL\",\"@id\":\"https:\\\/\\\/cloudingdots.com\\\/#\\\/schema\\\/logo\\\/image\\\/\",\"url\":\"https:\\\/\\\/cloudingdots.com\\\/wp-content\\\/uploads\\\/2025\\\/05\\\/logo-primary.png\",\"contentUrl\":\"https:\\\/\\\/cloudingdots.com\\\/wp-content\\\/uploads\\\/2025\\\/05\\\/logo-primary.png\",\"width\":191,\"height\":60,\"caption\":\"CloudingDots\"},\"image\":{\"@id\":\"https:\\\/\\\/cloudingdots.com\\\/#\\\/schema\\\/logo\\\/image\\\/\"},\"sameAs\":[\"https:\\\/\\\/facebook.com\\\/cloudingdots\\\/\",\"https:\\\/\\\/x.com\\\/cloudingdots\",\"https:\\\/\\\/instagram.com\\\/cloudingdots\\\/\",\"https:\\\/\\\/pinterest.com\\\/cloudingdots\\\/\",\"https:\\\/\\\/www.linkedin.com\\\/company\\\/cloudingdots\",\"https:\\\/\\\/www.instagram.com\\\/cloudingdots\\\/\"]}]}<\/script>\n<!-- \/ Yoast SEO plugin. -->","yoast_head_json":{"title":"Domain - Cloudingdots","robots":{"index":"index","follow":"follow","max-snippet":"max-snippet:-1","max-image-preview":"max-image-preview:large","max-video-preview":"max-video-preview:-1"},"canonical":"https:\/\/cloudingdots.com\/pl\/domena\/","og_locale":"pl_PL","og_type":"article","og_title":"Domain - Cloudingdots","og_url":"https:\/\/cloudingdots.com\/pl\/domena\/","og_site_name":"Cloudingdots","article_publisher":"https:\/\/facebook.com\/cloudingdots\/","article_modified_time":"2026-01-16T20:19:30+00:00","twitter_card":"summary_large_image","twitter_site":"@cloudingdots","twitter_misc":{"Szacowany czas czytania":"6 minut"},"schema":{"@context":"https:\/\/schema.org","@graph":[{"@type":"WebPage","@id":"https:\/\/cloudingdots.com\/domain\/","url":"https:\/\/cloudingdots.com\/domain\/","name":"Domain - Cloudingdots","isPartOf":{"@id":"https:\/\/cloudingdots.com\/#website"},"datePublished":"2025-05-02T09:49:34+00:00","dateModified":"2026-01-16T20:19:30+00:00","breadcrumb":{"@id":"https:\/\/cloudingdots.com\/domain\/#breadcrumb"},"inLanguage":"pl-PL","potentialAction":[{"@type":"ReadAction","target":["https:\/\/cloudingdots.com\/domain\/"]}]},{"@type":"BreadcrumbList","@id":"https:\/\/cloudingdots.com\/domain\/#breadcrumb","itemListElement":[{"@type":"ListItem","position":1,"name":"Home","item":"https:\/\/cloudingdots.com\/"},{"@type":"ListItem","position":2,"name":"Domain"}]},{"@type":"WebSite","@id":"https:\/\/cloudingdots.com\/#website","url":"https:\/\/cloudingdots.com\/","name":"CloudingDots","description":"Rozpocznij i rozwijaj sw\u00f3j biznes","publisher":{"@id":"https:\/\/cloudingdots.com\/#organization"},"potentialAction":[{"@type":"SearchAction","target":{"@type":"EntryPoint","urlTemplate":"https:\/\/cloudingdots.com\/?s={search_term_string}"},"query-input":{"@type":"PropertyValueSpecification","valueRequired":true,"valueName":"search_term_string"}}],"inLanguage":"pl-PL"},{"@type":"Organization","@id":"https:\/\/cloudingdots.com\/#organization","name":"CloudingDots","url":"https:\/\/cloudingdots.com\/","logo":{"@type":"ImageObject","inLanguage":"pl-PL","@id":"https:\/\/cloudingdots.com\/#\/schema\/logo\/image\/","url":"https:\/\/cloudingdots.com\/wp-content\/uploads\/2025\/05\/logo-primary.png","contentUrl":"https:\/\/cloudingdots.com\/wp-content\/uploads\/2025\/05\/logo-primary.png","width":191,"height":60,"caption":"CloudingDots"},"image":{"@id":"https:\/\/cloudingdots.com\/#\/schema\/logo\/image\/"},"sameAs":["https:\/\/facebook.com\/cloudingdots\/","https:\/\/x.com\/cloudingdots","https:\/\/instagram.com\/cloudingdots\/","https:\/\/pinterest.com\/cloudingdots\/","https:\/\/www.linkedin.com\/company\/cloudingdots","https:\/\/www.instagram.com\/cloudingdots\/"]}]}},"_links":{"self":[{"href":"https:\/\/cloudingdots.com\/pl\/wp-json\/wp\/v2\/pages\/12","targetHints":{"allow":["GET"]}}],"collection":[{"href":"https:\/\/cloudingdots.com\/pl\/wp-json\/wp\/v2\/pages"}],"about":[{"href":"https:\/\/cloudingdots.com\/pl\/wp-json\/wp\/v2\/types\/page"}],"author":[{"embeddable":true,"href":"https:\/\/cloudingdots.com\/pl\/wp-json\/wp\/v2\/users\/1"}],"replies":[{"embeddable":true,"href":"https:\/\/cloudingdots.com\/pl\/wp-json\/wp\/v2\/comments?post=12"}],"version-history":[{"count":24,"href":"https:\/\/cloudingdots.com\/pl\/wp-json\/wp\/v2\/pages\/12\/revisions"}],"predecessor-version":[{"id":895,"href":"https:\/\/cloudingdots.com\/pl\/wp-json\/wp\/v2\/pages\/12\/revisions\/895"}],"wp:attachment":[{"href":"https:\/\/cloudingdots.com\/pl\/wp-json\/wp\/v2\/media?parent=12"}],"curies":[{"name":"wp","href":"https:\/\/api.w.org\/{rel}","templated":true}]}}