{"id":288,"date":"2025-05-17T16:13:52","date_gmt":"2025-05-17T16:13:52","guid":{"rendered":"https:\/\/dev.cloudingdots.com\/?page_id=288"},"modified":"2026-01-16T20:19:29","modified_gmt":"2026-01-16T20:19:29","slug":"kopia-zapasowa-strony-internetowej","status":"publish","type":"page","link":"https:\/\/cloudingdots.com\/pl\/website-backup\/","title":{"rendered":"Kopia zapasowa strony internetowej"},"content":{"rendered":"<p><div class=\"et_d4_element et_pb_section et_pb_section_0 et_pb_with_background  et_pb_css_mix_blend_mode et_section_regular et_block_section\" >\n\t\t\t\t\n\t\t\t\t\n\t\t\t\t\n\t\t\t\t\n\t\t\t\t\n\t\t\t\t\n\t\t\t\t<div class=\"et_d4_element et_pb_row et_pb_row_0  et_pb_css_mix_blend_mode et_block_row\">\n\t\t\t\t<div class=\"et_d4_element et_pb_column_1_2 et_pb_column et_pb_column_0  et_pb_css_mix_blend_mode et_block_column\">\n\t\t\t\t\n\t\t\t\t\n\t\t\t\t\n\t\t\t\t\n\t\t\t\t<div class=\"et_pb_module et_d4_element et_pb_text et_pb_text_0  et_pb_text_align_left et_pb_bg_layout_light\">\n\t\t\t\t\n\t\t\t\t\n\t\t\t\t\n\t\t\t\t\n\t\t\t\t<div class=\"et_pb_text_inner\"><h1 class=\"banner-title\">Chro\u0144 swoj\u0105 witryn\u0119 dzi\u0119ki codziennym automatycznym kopiom zapasowym<\/h1><\/div>\n\t\t\t<\/div><div class=\"et_pb_module et_d4_element et_pb_text et_pb_text_1  et_pb_text_align_left et_pb_bg_layout_light\">\n\t\t\t\t\n\t\t\t\t\n\t\t\t\t\n\t\t\t\t\n\t\t\t\t<div class=\"et_pb_text_inner\"><h3>Uzyskaj ochron\u0119 przed wirusami, hakerami, a nawet w\u0142asnym kodem, kt\u00f3ry przypadkowo uszkodzi Twoj\u0105 witryn\u0119 dzi\u0119ki CodeGuard Website Backup.<\/h3><\/div>\n\t\t\t<\/div><div class=\"et_pb_button_module_wrapper et_pb_button_0_wrapper  et_pb_module\">\n\t\t\t\t<a class=\"et_pb_button et_d4_element et_pb_button_0 et_pb_bg_layout_light et_block_module\" href=\"https:\/\/store.cloudingdots.com\/store\/codeguard\/1gb-lite\" data-icon=\"$\">Rozpocznij teraz<\/a>\n\t\t\t<\/div><div class=\"et_pb_module et_d4_element et_pb_text et_pb_text_2  et_pb_text_align_left et_pb_bg_layout_light\">\n\t\t\t\t\n\t\t\t\t\n\t\t\t\t\n\t\t\t\t\n\t\t\t\t<div class=\"et_pb_text_inner\"><h4>Pocz\u0105wszy od $ 2.09 \/ mo<\/h4><\/div>\n\t\t\t<\/div>\n\t\t\t<\/div><div class=\"et_d4_element et_pb_column_1_2 et_pb_column et_pb_column_1  et_pb_css_mix_blend_mode et-last-child et_block_column\">\n\t\t\t\t\n\t\t\t\t\n\t\t\t\t\n\t\t\t\t\n\t\t\t\t<div class=\"et_pb_module et_d4_element et_pb_image et_pb_image_0\">\n\t\t\t\t\n\t\t\t\t\n\t\t\t\t\n\t\t\t\t\n\t\t\t\t<span class=\"et_pb_image_wrap\"><img loading=\"lazy\" decoding=\"async\" width=\"750\" height=\"500\" src=\"https:\/\/dev.cloudingdots.com\/wp-content\/uploads\/2025\/05\/website_backup_cloudingdots.webp\" alt=\"\" title=\"website_backup_cloudingdots\" srcset=\"https:\/\/cloudingdots.com\/wp-content\/uploads\/2025\/05\/website_backup_cloudingdots.webp 750w, https:\/\/cloudingdots.com\/wp-content\/uploads\/2025\/05\/website_backup_cloudingdots-480x320.webp 480w\" sizes=\"(min-width: 0px) and (max-width: 480px) 480px, (min-width: 481px) 750px, 100vw\" class=\"wp-image-294\" \/><\/span>\n\t\t\t<\/div>\n\t\t\t<\/div>\n\t\t\t\t\n\t\t\t\t\n\t\t\t\t\n\t\t\t\t\n\t\t\t<\/div>\n\t\t\t\t\n\t\t\t\t\n\t\t\t<\/div><div class=\"et_d4_element et_pb_section et_pb_section_1  et_pb_css_mix_blend_mode et_section_regular et_block_section\" >\n\t\t\t\t\n\t\t\t\t\n\t\t\t\t\n\t\t\t\t\n\t\t\t\t\n\t\t\t\t\n\t\t\t\t<div class=\"et_d4_element et_pb_row et_pb_row_1  et_pb_css_mix_blend_mode et_block_row\">\n\t\t\t\t<div class=\"et_d4_element et_pb_column_1_2 et_pb_column et_pb_column_2  et_pb_css_mix_blend_mode et_block_column\">\n\t\t\t\t\n\t\t\t\t\n\t\t\t\t\n\t\t\t\t\n\t\t\t\t<div class=\"et_pb_module et_d4_element et_pb_image et_pb_image_1\">\n\t\t\t\t\n\t\t\t\t\n\t\t\t\t\n\t\t\t\t\n\t\t\t\t<span class=\"et_pb_image_wrap\"><img loading=\"lazy\" decoding=\"async\" width=\"1192\" height=\"904\" src=\"https:\/\/dev.cloudingdots.com\/wp-content\/uploads\/2025\/05\/backup-restoration-cloudingdots.webp\" alt=\"\" title=\"backup-restoration-cloudingdots\" srcset=\"https:\/\/cloudingdots.com\/wp-content\/uploads\/2025\/05\/backup-restoration-cloudingdots.webp 1192w, https:\/\/cloudingdots.com\/wp-content\/uploads\/2025\/05\/backup-restoration-cloudingdots-980x743.webp 980w, https:\/\/cloudingdots.com\/wp-content\/uploads\/2025\/05\/backup-restoration-cloudingdots-480x364.webp 480w\" sizes=\"(min-width: 0px) and (max-width: 480px) 480px, (min-width: 481px) and (max-width: 980px) 980px, (min-width: 981px) 1192px, 100vw\" class=\"wp-image-297\" \/><\/span>\n\t\t\t<\/div>\n\t\t\t<\/div><div class=\"et_d4_element et_pb_column_1_2 et_pb_column et_pb_column_3  et_pb_css_mix_blend_mode et-last-child et_block_column\">\n\t\t\t\t\n\t\t\t\t\n\t\t\t\t\n\t\t\t\t\n\t\t\t\t<div class=\"et_pb_module et_d4_element et_pb_text et_pb_text_3  et_pb_text_align_left et_pb_bg_layout_light\">\n\t\t\t\t\n\t\t\t\t\n\t\t\t\t\n\t\t\t\t\n\t\t\t\t<div class=\"et_pb_text_inner\"><h5>Czym jest CodeGuard?<\/h5><\/div>\n\t\t\t<\/div><div class=\"et_pb_module et_d4_element et_pb_text et_pb_text_4  et_pb_text_align_left et_pb_bg_layout_light\">\n\t\t\t\t\n\t\t\t\t\n\t\t\t\t\n\t\t\t\t\n\t\t\t\t<div class=\"et_pb_text_inner\"><h2 class=\"section-title\">CodeGuard to w pe\u0142ni zautomatyzowana us\u0142uga tworzenia kopii zapasowych stron internetowych<\/h2><\/div>\n\t\t\t<\/div><div class=\"et_pb_module et_d4_element et_pb_text et_pb_text_5  et_pb_text_align_left et_pb_bg_layout_light\">\n\t\t\t\t\n\t\t\t\t\n\t\t\t\t\n\t\t\t\t\n\t\t\t\t<div class=\"et_pb_text_inner\"><p><span>Dzi\u0119ki CodeGuard Website Backup kopia zapasowa witryny jest tworzona codziennie, a w przypadku katastrofy mo\u017cna przywr\u00f3ci\u0107 witryn\u0119 do poprzedniego punktu w czasie za pomoc\u0105 jednego klikni\u0119cia.<\/span><\/p><\/div>\n\t\t\t<\/div>\n\t\t\t<\/div>\n\t\t\t\t\n\t\t\t\t\n\t\t\t\t\n\t\t\t\t\n\t\t\t<\/div>\n\t\t\t\t\n\t\t\t\t\n\t\t\t<\/div><div class=\"et_d4_element et_pb_section et_pb_section_2  et_pb_css_mix_blend_mode et_section_regular et_block_section\" >\n\t\t\t\t\n\t\t\t\t\n\t\t\t\t\n\t\t\t\t\n\t\t\t\t\n\t\t\t\t\n\t\t\t\t<div class=\"et_d4_element et_pb_row et_pb_row_2  et_pb_css_mix_blend_mode et_block_row\">\n\t\t\t\t<div class=\"et_d4_element et_pb_column_4_4 et_pb_column et_pb_column_4  et_pb_css_mix_blend_mode et-last-child et_block_column\">\n\t\t\t\t\n\t\t\t\t\n\t\t\t\t\n\t\t\t\t\n\t\t\t\t<div class=\"et_pb_module et_d4_element et_pb_text et_pb_text_6  et_pb_text_align_left et_pb_bg_layout_light\">\n\t\t\t\t\n\t\t\t\t\n\t\t\t\t\n\t\t\t\t\n\t\t\t\t<div class=\"et_pb_text_inner\"><h2 class=\"section-title\">Funkcje tworzenia kopii zapasowych Codeguard<\/h2><\/div>\n\t\t\t<\/div>\n\t\t\t<\/div>\n\t\t\t\t\n\t\t\t\t\n\t\t\t\t\n\t\t\t\t\n\t\t\t<\/div><div class=\"et_d4_element et_pb_row et_pb_row_3  et_pb_css_mix_blend_mode et_block_row\">\n\t\t\t\t<div class=\"et_d4_element et_pb_column_1_3 et_pb_column et_pb_column_5  et_pb_css_mix_blend_mode et_block_column\">\n\t\t\t\t\n\t\t\t\t\n\t\t\t\t\n\t\t\t\t\n\t\t\t\t<div class=\"et_pb_module et_d4_element et_pb_blurb et_pb_blurb_0  et_pb_text_align_left  et_pb_blurb_position_left et_block_module et_pb_bg_layout_light\">\n\t\t\t\t\n\t\t\t\t\n\t\t\t\t\n\t\t\t\t\n\t\t\t\t<div class=\"et_pb_blurb_content\">\n\t\t\t\t\t<div class=\"et_pb_main_blurb_image et_pb_css_mix_blend_mode\"><span class=\"et_pb_image_wrap\"><span class=\"et-waypoint et_pb_animation_top et_pb_animation_top_tablet et_pb_animation_top_phone et-pb-icon\">\uf058<\/span><\/span><\/div>\n\t\t\t\t\t<div class=\"et_pb_blurb_container\">\n\t\t\t\t\t\t<h3 class=\"et_pb_module_header\"><span>Codzienne automatyczne kopie zapasowe witryny<\/span><\/h3>\n\t\t\t\t\t\t<div class=\"et_pb_blurb_description\"><p><span>Zabezpiecz swoj\u0105 witryn\u0119 dzi\u0119ki automatycznym codziennym kopiom zapasowym przechowywanym poza siedzib\u0105 firmy z wbudowan\u0105 redundancj\u0105.<\/span><\/p><\/div>\n\t\t\t\t\t<\/div>\n\t\t\t\t<\/div>\n\t\t\t<\/div>\n\t\t\t<\/div><div class=\"et_d4_element et_pb_column_1_3 et_pb_column et_pb_column_6  et_pb_css_mix_blend_mode et_block_column\">\n\t\t\t\t\n\t\t\t\t\n\t\t\t\t\n\t\t\t\t\n\t\t\t\t<div class=\"et_pb_module et_d4_element et_pb_blurb et_pb_blurb_1  et_pb_text_align_left  et_pb_blurb_position_left et_block_module et_pb_bg_layout_light\">\n\t\t\t\t\n\t\t\t\t\n\t\t\t\t\n\t\t\t\t\n\t\t\t\t<div class=\"et_pb_blurb_content\">\n\t\t\t\t\t<div class=\"et_pb_main_blurb_image et_pb_css_mix_blend_mode\"><span class=\"et_pb_image_wrap\"><span class=\"et-waypoint et_pb_animation_top et_pb_animation_top_tablet et_pb_animation_top_phone et-pb-icon\">\uf058<\/span><\/span><\/div>\n\t\t\t\t\t<div class=\"et_pb_blurb_container\">\n\t\t\t\t\t\t<h3 class=\"et_pb_module_header\"><span>Nieograniczone pliki i bazy danych<\/span><\/h3>\n\t\t\t\t\t\t<div class=\"et_pb_blurb_description\"><p><span>Tw\u00f3rz kopie zapasowe nieograniczonej liczby plik\u00f3w i baz danych - ogranicza Ci\u0119 tylko przestrze\u0144 dyskowa, kt\u00f3rej u\u017cywasz.<\/span><\/p><\/div>\n\t\t\t\t\t<\/div>\n\t\t\t\t<\/div>\n\t\t\t<\/div>\n\t\t\t<\/div><div class=\"et_d4_element et_pb_column_1_3 et_pb_column et_pb_column_7  et_pb_css_mix_blend_mode et-last-child et_block_column\">\n\t\t\t\t\n\t\t\t\t\n\t\t\t\t\n\t\t\t\t\n\t\t\t\t<div class=\"et_pb_module et_d4_element et_pb_blurb et_pb_blurb_2  et_pb_text_align_left  et_pb_blurb_position_left et_block_module et_pb_bg_layout_light\">\n\t\t\t\t\n\t\t\t\t\n\t\t\t\t\n\t\t\t\t\n\t\t\t\t<div class=\"et_pb_blurb_content\">\n\t\t\t\t\t<div class=\"et_pb_main_blurb_image et_pb_css_mix_blend_mode\"><span class=\"et_pb_image_wrap\"><span class=\"et-waypoint et_pb_animation_top et_pb_animation_top_tablet et_pb_animation_top_phone et-pb-icon\">\uf058<\/span><\/span><\/div>\n\t\t\t\t\t<div class=\"et_pb_blurb_container\">\n\t\t\t\t\t\t<h3 class=\"et_pb_module_header\"><span>Przywracanie jednym klikni\u0119ciem<\/span><\/h3>\n\t\t\t\t\t\t<div class=\"et_pb_blurb_description\"><p><span>Prosty proces przywracania u\u0142atwia przywr\u00f3cenie pojedynczego pliku lub ca\u0142ej witryny do poprzedniej wersji.<\/span><\/p><\/div>\n\t\t\t\t\t<\/div>\n\t\t\t\t<\/div>\n\t\t\t<\/div>\n\t\t\t<\/div>\n\t\t\t\t\n\t\t\t\t\n\t\t\t\t\n\t\t\t\t\n\t\t\t<\/div><div class=\"et_d4_element et_pb_row et_pb_row_4  et_pb_css_mix_blend_mode et_block_row\">\n\t\t\t\t<div class=\"et_d4_element et_pb_column_1_3 et_pb_column et_pb_column_8  et_pb_css_mix_blend_mode et_block_column\">\n\t\t\t\t\n\t\t\t\t\n\t\t\t\t\n\t\t\t\t\n\t\t\t\t<div class=\"et_pb_module et_d4_element et_pb_blurb et_pb_blurb_3  et_pb_text_align_left  et_pb_blurb_position_left et_block_module et_pb_bg_layout_light\">\n\t\t\t\t\n\t\t\t\t\n\t\t\t\t\n\t\t\t\t\n\t\t\t\t<div class=\"et_pb_blurb_content\">\n\t\t\t\t\t<div class=\"et_pb_main_blurb_image et_pb_css_mix_blend_mode\"><span class=\"et_pb_image_wrap\"><span class=\"et-waypoint et_pb_animation_top et_pb_animation_top_tablet et_pb_animation_top_phone et-pb-icon\">\uf058<\/span><\/span><\/div>\n\t\t\t\t\t<div class=\"et_pb_blurb_container\">\n\t\t\t\t\t\t<h3 class=\"et_pb_module_header\"><span>Monitorowanie z\u0142o\u015bliwego oprogramowania<\/span><\/h3>\n\t\t\t\t\t\t<div class=\"et_pb_blurb_description\"><p><span>Mo\u017cesz spa\u0107 spokojnie, wiedz\u0105c, \u017ce CodeGuard codziennie sprawdza Twoj\u0105 witryn\u0119 pod k\u0105tem zmian.<\/span><\/p><\/div>\n\t\t\t\t\t<\/div>\n\t\t\t\t<\/div>\n\t\t\t<\/div>\n\t\t\t<\/div><div class=\"et_d4_element et_pb_column_1_3 et_pb_column et_pb_column_9  et_pb_css_mix_blend_mode et_block_column\">\n\t\t\t\t\n\t\t\t\t\n\t\t\t\t\n\t\t\t\t\n\t\t\t\t<div class=\"et_pb_module et_d4_element et_pb_blurb et_pb_blurb_4  et_pb_text_align_left  et_pb_blurb_position_left et_block_module et_pb_bg_layout_light\">\n\t\t\t\t\n\t\t\t\t\n\t\t\t\t\n\t\t\t\t\n\t\t\t\t<div class=\"et_pb_blurb_content\">\n\t\t\t\t\t<div class=\"et_pb_main_blurb_image et_pb_css_mix_blend_mode\"><span class=\"et_pb_image_wrap\"><span class=\"et-waypoint et_pb_animation_top et_pb_animation_top_tablet et_pb_animation_top_phone et-pb-icon\">\uf058<\/span><\/span><\/div>\n\t\t\t\t\t<div class=\"et_pb_blurb_container\">\n\t\t\t\t\t\t<h3 class=\"et_pb_module_header\"><span>Automatyczne aktualizacje WordPress<\/span><\/h3>\n\t\t\t\t\t\t<div class=\"et_pb_blurb_description\"><p><span>Automatycznie aktualizuj WordPressa i jego wtyczki, aby zapewni\u0107 jego bezpiecze\u0144stwo i automatyczne przywracanie w przypadku problem\u00f3w.<\/span><\/p><\/div>\n\t\t\t\t\t<\/div>\n\t\t\t\t<\/div>\n\t\t\t<\/div>\n\t\t\t<\/div><div class=\"et_d4_element et_pb_column_1_3 et_pb_column et_pb_column_10  et_pb_css_mix_blend_mode et-last-child et_block_column\">\n\t\t\t\t\n\t\t\t\t\n\t\t\t\t\n\t\t\t\t\n\t\t\t\t<div class=\"et_pb_module et_d4_element et_pb_blurb et_pb_blurb_5  et_pb_text_align_left  et_pb_blurb_position_left et_block_module et_pb_bg_layout_light\">\n\t\t\t\t\n\t\t\t\t\n\t\t\t\t\n\t\t\t\t\n\t\t\t\t<div class=\"et_pb_blurb_content\">\n\t\t\t\t\t<div class=\"et_pb_main_blurb_image et_pb_css_mix_blend_mode\"><span class=\"et_pb_image_wrap\"><span class=\"et-waypoint et_pb_animation_top et_pb_animation_top_tablet et_pb_animation_top_phone et-pb-icon\">\uf058<\/span><\/span><\/div>\n\t\t\t\t\t<div class=\"et_pb_blurb_container\">\n\t\t\t\t\t\t<h3 class=\"et_pb_module_header\"><span>Monitorowanie zmian plik\u00f3w<\/span><\/h3>\n\t\t\t\t\t\t<div class=\"et_pb_blurb_description\"><p><span>Otrzymuj powiadomienia e-mail za ka\u017cdym razem, gdy co\u015b zmieni si\u0119 w kodzie \u017ar\u00f3d\u0142owym Twojej witryny.<\/span><\/p><\/div>\n\t\t\t\t\t<\/div>\n\t\t\t\t<\/div>\n\t\t\t<\/div>\n\t\t\t<\/div>\n\t\t\t\t\n\t\t\t\t\n\t\t\t\t\n\t\t\t\t\n\t\t\t<\/div><div class=\"et_d4_element et_pb_row et_pb_row_5  et_pb_css_mix_blend_mode et_block_row\">\n\t\t\t\t<div class=\"et_d4_element et_pb_column_1_3 et_pb_column et_pb_column_11  et_pb_css_mix_blend_mode et_block_column\">\n\t\t\t\t\n\t\t\t\t\n\t\t\t\t\n\t\t\t\t\n\t\t\t\t<div class=\"et_pb_module et_d4_element et_pb_blurb et_pb_blurb_6  et_pb_text_align_left  et_pb_blurb_position_left et_block_module et_pb_bg_layout_light\">\n\t\t\t\t\n\t\t\t\t\n\t\t\t\t\n\t\t\t\t\n\t\t\t\t<div class=\"et_pb_blurb_content\">\n\t\t\t\t\t<div class=\"et_pb_main_blurb_image et_pb_css_mix_blend_mode\"><span class=\"et_pb_image_wrap\"><span class=\"et-waypoint et_pb_animation_top et_pb_animation_top_tablet et_pb_animation_top_phone et-pb-icon\">\uf058<\/span><\/span><\/div>\n\t\t\t\t\t<div class=\"et_pb_blurb_container\">\n\t\t\t\t\t\t<h3 class=\"et_pb_module_header\"><span>Etapowanie przywracania<\/span><\/h3>\n\t\t\t\t\t\t<div class=\"et_pb_blurb_description\"><p><span>Szybko przetestuj dowoln\u0105 witryn\u0119 z kopii zapasowej dzi\u0119ki prostemu i zautomatyzowanemu etapowi przed przywr\u00f3ceniem.<\/span><\/p><\/div>\n\t\t\t\t\t<\/div>\n\t\t\t\t<\/div>\n\t\t\t<\/div>\n\t\t\t<\/div><div class=\"et_d4_element et_pb_column_1_3 et_pb_column et_pb_column_12  et_pb_css_mix_blend_mode et_block_column\">\n\t\t\t\t\n\t\t\t\t\n\t\t\t\t\n\t\t\t\t\n\t\t\t\t<div class=\"et_pb_module et_d4_element et_pb_blurb et_pb_blurb_7  et_pb_text_align_left  et_pb_blurb_position_left et_block_module et_pb_bg_layout_light\">\n\t\t\t\t\n\t\t\t\t\n\t\t\t\t\n\t\t\t\t\n\t\t\t\t<div class=\"et_pb_blurb_content\">\n\t\t\t\t\t<div class=\"et_pb_main_blurb_image et_pb_css_mix_blend_mode\"><span class=\"et_pb_image_wrap\"><span class=\"et-waypoint et_pb_animation_top et_pb_animation_top_tablet et_pb_animation_top_phone et-pb-icon\">\uf058<\/span><\/span><\/div>\n\t\t\t\t\t<div class=\"et_pb_blurb_container\">\n\t\t\t\t\t\t<h3 class=\"et_pb_module_header\"><span>Kopia zapasowa poczty e-mail<\/span><\/h3>\n\t\t\t\t\t\t<div class=\"et_pb_blurb_description\"><p><span>Uzyskaj r\u00f3wnie\u017c ochron\u0119 swoich wiadomo\u015bci e-mail, poniewa\u017c s\u0105 one archiwizowane jako cz\u0119\u015b\u0107 plik\u00f3w witryny.<\/span><\/p><\/div>\n\t\t\t\t\t<\/div>\n\t\t\t\t<\/div>\n\t\t\t<\/div>\n\t\t\t<\/div><div class=\"et_d4_element et_pb_column_1_3 et_pb_column et_pb_column_13  et_pb_css_mix_blend_mode et-last-child et_block_column\">\n\t\t\t\t\n\t\t\t\t\n\t\t\t\t\n\t\t\t\t\n\t\t\t\t<div class=\"et_pb_module et_d4_element et_pb_blurb et_pb_blurb_8  et_pb_text_align_left  et_pb_blurb_position_left et_block_module et_pb_bg_layout_light\">\n\t\t\t\t\n\t\t\t\t\n\t\t\t\t\n\t\t\t\t\n\t\t\t\t<div class=\"et_pb_blurb_content\">\n\t\t\t\t\t<div class=\"et_pb_main_blurb_image et_pb_css_mix_blend_mode\"><span class=\"et_pb_image_wrap\"><span class=\"et-waypoint et_pb_animation_top et_pb_animation_top_tablet et_pb_animation_top_phone et-pb-icon\">\uf058<\/span><\/span><\/div>\n\t\t\t\t\t<div class=\"et_pb_blurb_container\">\n\t\t\t\t\t\t<h3 class=\"et_pb_module_header\"><span>Pe\u0142na automatyzacja<\/span><\/h3>\n\t\t\t\t\t\t<div class=\"et_pb_blurb_description\"><p><span>Ca\u0142kowicie bezobs\u0142ugowa konfiguracja i ci\u0105g\u0142e tworzenie kopii zapasowych z automatycznymi powiadomieniami, je\u015bli co\u015b p\u00f3jdzie nie tak.<\/span><\/p><\/div>\n\t\t\t\t\t<\/div>\n\t\t\t\t<\/div>\n\t\t\t<\/div>\n\t\t\t<\/div>\n\t\t\t\t\n\t\t\t\t\n\t\t\t\t\n\t\t\t\t\n\t\t\t<\/div>\n\t\t\t\t\n\t\t\t\t\n\t\t\t<\/div><\/p>","protected":false},"excerpt":{"rendered":"","protected":false},"author":1,"featured_media":0,"parent":0,"menu_order":0,"comment_status":"closed","ping_status":"closed","template":"","meta":{"_et_pb_use_builder":"on","_et_pb_old_content":"","_et_gb_content_width":"","footnotes":""},"class_list":["post-288","page","type-page","status-publish","hentry"],"yoast_head":"<!-- This site is optimized with the Yoast SEO plugin v27.3 - https:\/\/yoast.com\/product\/yoast-seo-wordpress\/ -->\n<title>Website Backup - Cloudingdots<\/title>\n<meta name=\"robots\" content=\"index, follow, max-snippet:-1, max-image-preview:large, max-video-preview:-1\" \/>\n<link rel=\"canonical\" href=\"https:\/\/cloudingdots.com\/pl\/kopia-zapasowa-strony-internetowej\/\" \/>\n<meta property=\"og:locale\" content=\"pl_PL\" \/>\n<meta property=\"og:type\" content=\"article\" \/>\n<meta property=\"og:title\" content=\"Website Backup - Cloudingdots\" \/>\n<meta property=\"og:url\" content=\"https:\/\/cloudingdots.com\/pl\/kopia-zapasowa-strony-internetowej\/\" \/>\n<meta property=\"og:site_name\" content=\"Cloudingdots\" \/>\n<meta property=\"article:publisher\" content=\"https:\/\/facebook.com\/cloudingdots\/\" \/>\n<meta property=\"article:modified_time\" content=\"2026-01-16T20:19:29+00:00\" \/>\n<meta name=\"twitter:card\" content=\"summary_large_image\" \/>\n<meta name=\"twitter:site\" content=\"@cloudingdots\" \/>\n<meta name=\"twitter:label1\" content=\"Szacowany czas czytania\" \/>\n\t<meta name=\"twitter:data1\" content=\"7 minut\" \/>\n<script type=\"application\/ld+json\" class=\"yoast-schema-graph\">{\"@context\":\"https:\\\/\\\/schema.org\",\"@graph\":[{\"@type\":\"WebPage\",\"@id\":\"https:\\\/\\\/cloudingdots.com\\\/website-backup\\\/\",\"url\":\"https:\\\/\\\/cloudingdots.com\\\/website-backup\\\/\",\"name\":\"Website Backup - Cloudingdots\",\"isPartOf\":{\"@id\":\"https:\\\/\\\/cloudingdots.com\\\/#website\"},\"datePublished\":\"2025-05-17T16:13:52+00:00\",\"dateModified\":\"2026-01-16T20:19:29+00:00\",\"breadcrumb\":{\"@id\":\"https:\\\/\\\/cloudingdots.com\\\/website-backup\\\/#breadcrumb\"},\"inLanguage\":\"pl-PL\",\"potentialAction\":[{\"@type\":\"ReadAction\",\"target\":[\"https:\\\/\\\/cloudingdots.com\\\/website-backup\\\/\"]}]},{\"@type\":\"BreadcrumbList\",\"@id\":\"https:\\\/\\\/cloudingdots.com\\\/website-backup\\\/#breadcrumb\",\"itemListElement\":[{\"@type\":\"ListItem\",\"position\":1,\"name\":\"Home\",\"item\":\"https:\\\/\\\/cloudingdots.com\\\/\"},{\"@type\":\"ListItem\",\"position\":2,\"name\":\"Website Backup\"}]},{\"@type\":\"WebSite\",\"@id\":\"https:\\\/\\\/cloudingdots.com\\\/#website\",\"url\":\"https:\\\/\\\/cloudingdots.com\\\/\",\"name\":\"CloudingDots\",\"description\":\"Start and Grow Your Business\",\"publisher\":{\"@id\":\"https:\\\/\\\/cloudingdots.com\\\/#organization\"},\"potentialAction\":[{\"@type\":\"SearchAction\",\"target\":{\"@type\":\"EntryPoint\",\"urlTemplate\":\"https:\\\/\\\/cloudingdots.com\\\/?s={search_term_string}\"},\"query-input\":{\"@type\":\"PropertyValueSpecification\",\"valueRequired\":true,\"valueName\":\"search_term_string\"}}],\"inLanguage\":\"pl-PL\"},{\"@type\":\"Organization\",\"@id\":\"https:\\\/\\\/cloudingdots.com\\\/#organization\",\"name\":\"CloudingDots\",\"url\":\"https:\\\/\\\/cloudingdots.com\\\/\",\"logo\":{\"@type\":\"ImageObject\",\"inLanguage\":\"pl-PL\",\"@id\":\"https:\\\/\\\/cloudingdots.com\\\/#\\\/schema\\\/logo\\\/image\\\/\",\"url\":\"https:\\\/\\\/cloudingdots.com\\\/wp-content\\\/uploads\\\/2025\\\/05\\\/logo-primary.png\",\"contentUrl\":\"https:\\\/\\\/cloudingdots.com\\\/wp-content\\\/uploads\\\/2025\\\/05\\\/logo-primary.png\",\"width\":191,\"height\":60,\"caption\":\"CloudingDots\"},\"image\":{\"@id\":\"https:\\\/\\\/cloudingdots.com\\\/#\\\/schema\\\/logo\\\/image\\\/\"},\"sameAs\":[\"https:\\\/\\\/facebook.com\\\/cloudingdots\\\/\",\"https:\\\/\\\/x.com\\\/cloudingdots\",\"https:\\\/\\\/instagram.com\\\/cloudingdots\\\/\",\"https:\\\/\\\/pinterest.com\\\/cloudingdots\\\/\",\"https:\\\/\\\/www.linkedin.com\\\/company\\\/cloudingdots\",\"https:\\\/\\\/www.instagram.com\\\/cloudingdots\\\/\"]}]}<\/script>\n<!-- \/ Yoast SEO plugin. -->","yoast_head_json":{"title":"Website Backup - Cloudingdots","robots":{"index":"index","follow":"follow","max-snippet":"max-snippet:-1","max-image-preview":"max-image-preview:large","max-video-preview":"max-video-preview:-1"},"canonical":"https:\/\/cloudingdots.com\/pl\/kopia-zapasowa-strony-internetowej\/","og_locale":"pl_PL","og_type":"article","og_title":"Website Backup - Cloudingdots","og_url":"https:\/\/cloudingdots.com\/pl\/kopia-zapasowa-strony-internetowej\/","og_site_name":"Cloudingdots","article_publisher":"https:\/\/facebook.com\/cloudingdots\/","article_modified_time":"2026-01-16T20:19:29+00:00","twitter_card":"summary_large_image","twitter_site":"@cloudingdots","twitter_misc":{"Szacowany czas czytania":"7 minut"},"schema":{"@context":"https:\/\/schema.org","@graph":[{"@type":"WebPage","@id":"https:\/\/cloudingdots.com\/website-backup\/","url":"https:\/\/cloudingdots.com\/website-backup\/","name":"Website Backup - Cloudingdots","isPartOf":{"@id":"https:\/\/cloudingdots.com\/#website"},"datePublished":"2025-05-17T16:13:52+00:00","dateModified":"2026-01-16T20:19:29+00:00","breadcrumb":{"@id":"https:\/\/cloudingdots.com\/website-backup\/#breadcrumb"},"inLanguage":"pl-PL","potentialAction":[{"@type":"ReadAction","target":["https:\/\/cloudingdots.com\/website-backup\/"]}]},{"@type":"BreadcrumbList","@id":"https:\/\/cloudingdots.com\/website-backup\/#breadcrumb","itemListElement":[{"@type":"ListItem","position":1,"name":"Home","item":"https:\/\/cloudingdots.com\/"},{"@type":"ListItem","position":2,"name":"Website Backup"}]},{"@type":"WebSite","@id":"https:\/\/cloudingdots.com\/#website","url":"https:\/\/cloudingdots.com\/","name":"CloudingDots","description":"Rozpocznij i rozwijaj sw\u00f3j biznes","publisher":{"@id":"https:\/\/cloudingdots.com\/#organization"},"potentialAction":[{"@type":"SearchAction","target":{"@type":"EntryPoint","urlTemplate":"https:\/\/cloudingdots.com\/?s={search_term_string}"},"query-input":{"@type":"PropertyValueSpecification","valueRequired":true,"valueName":"search_term_string"}}],"inLanguage":"pl-PL"},{"@type":"Organization","@id":"https:\/\/cloudingdots.com\/#organization","name":"CloudingDots","url":"https:\/\/cloudingdots.com\/","logo":{"@type":"ImageObject","inLanguage":"pl-PL","@id":"https:\/\/cloudingdots.com\/#\/schema\/logo\/image\/","url":"https:\/\/cloudingdots.com\/wp-content\/uploads\/2025\/05\/logo-primary.png","contentUrl":"https:\/\/cloudingdots.com\/wp-content\/uploads\/2025\/05\/logo-primary.png","width":191,"height":60,"caption":"CloudingDots"},"image":{"@id":"https:\/\/cloudingdots.com\/#\/schema\/logo\/image\/"},"sameAs":["https:\/\/facebook.com\/cloudingdots\/","https:\/\/x.com\/cloudingdots","https:\/\/instagram.com\/cloudingdots\/","https:\/\/pinterest.com\/cloudingdots\/","https:\/\/www.linkedin.com\/company\/cloudingdots","https:\/\/www.instagram.com\/cloudingdots\/"]}]}},"_links":{"self":[{"href":"https:\/\/cloudingdots.com\/pl\/wp-json\/wp\/v2\/pages\/288","targetHints":{"allow":["GET"]}}],"collection":[{"href":"https:\/\/cloudingdots.com\/pl\/wp-json\/wp\/v2\/pages"}],"about":[{"href":"https:\/\/cloudingdots.com\/pl\/wp-json\/wp\/v2\/types\/page"}],"author":[{"embeddable":true,"href":"https:\/\/cloudingdots.com\/pl\/wp-json\/wp\/v2\/users\/1"}],"replies":[{"embeddable":true,"href":"https:\/\/cloudingdots.com\/pl\/wp-json\/wp\/v2\/comments?post=288"}],"version-history":[{"count":15,"href":"https:\/\/cloudingdots.com\/pl\/wp-json\/wp\/v2\/pages\/288\/revisions"}],"predecessor-version":[{"id":889,"href":"https:\/\/cloudingdots.com\/pl\/wp-json\/wp\/v2\/pages\/288\/revisions\/889"}],"wp:attachment":[{"href":"https:\/\/cloudingdots.com\/pl\/wp-json\/wp\/v2\/media?parent=288"}],"curies":[{"name":"wp","href":"https:\/\/api.w.org\/{rel}","templated":true}]}}