{"id":12,"date":"2025-05-02T09:49:34","date_gmt":"2025-05-02T09:49:34","guid":{"rendered":"https:\/\/dev.cloudingdots.com\/?page_id=12"},"modified":"2026-01-16T20:19:30","modified_gmt":"2026-01-16T20:19:30","slug":"dominio","status":"publish","type":"page","link":"https:\/\/cloudingdots.com\/pt\/domain\/","title":{"rendered":"Dom\u00ednio"},"content":{"rendered":"<p><div class=\"et_d4_element et_pb_section et_pb_section_0 et_pb_with_background  et_pb_css_mix_blend_mode et_section_regular et_block_section\" >\n\t\t\t\t\n\t\t\t\t\n\t\t\t\t\n\t\t\t\t\n\t\t\t\t\n\t\t\t\t\n\t\t\t\t<div class=\"et_d4_element et_pb_row et_pb_row_0  et_pb_css_mix_blend_mode et_block_row\">\n\t\t\t\t<div class=\"et_d4_element et_pb_column_1_2 et_pb_column et_pb_column_0  et_pb_css_mix_blend_mode et_block_column\">\n\t\t\t\t\n\t\t\t\t\n\t\t\t\t\n\t\t\t\t\n\t\t\t\t<div class=\"et_pb_module et_d4_element et_pb_text et_pb_text_0  et_pb_text_align_left et_pb_bg_layout_light\">\n\t\t\t\t\n\t\t\t\t\n\t\t\t\t\n\t\t\t\t\n\t\t\t\t<div class=\"et_pb_text_inner\"><h5>Dom\u00ednio<\/h5><\/div>\n\t\t\t<\/div><div class=\"et_pb_module et_d4_element et_pb_text et_pb_text_1  et_pb_text_align_left et_pb_bg_layout_light\">\n\t\t\t\t\n\t\t\t\t\n\t\t\t\t\n\t\t\t\t\n\t\t\t\t<div class=\"et_pb_text_inner\"><h1 class=\"strong-green\">Comece o seu neg\u00f3cio online com um nome de dom\u00ednio perfeito<\/h1><\/div>\n\t\t\t<\/div><div class=\"et_pb_module et_d4_element et_pb_text et_pb_text_2  et_pb_text_align_left et_pb_bg_layout_light\">\n\t\t\t\t\n\t\t\t\t\n\t\t\t\t\n\t\t\t\t\n\t\t\t\t<div class=\"et_pb_text_inner\"><h3><span>O seu dom\u00ednio ajuda as pessoas a encontr\u00e1-lo online e causa uma primeira impress\u00e3o. Encontre um que o represente na perfei\u00e7\u00e3o.<\/span><\/h3><\/div>\n\t\t\t<\/div><div class=\"et_pb_button_module_wrapper et_pb_button_0_wrapper  et_pb_module\">\n\t\t\t\t<a class=\"et_pb_button et_d4_element et_pb_button_0 et_pb_bg_layout_light et_block_module\" href=\"#domain-search\" data-icon=\"$\">Iniciar a pesquisa<\/a>\n\t\t\t<\/div>\n\t\t\t<\/div><div class=\"et_d4_element et_pb_column_1_2 et_pb_column et_pb_column_1  et_pb_css_mix_blend_mode et-last-child et_block_column\">\n\t\t\t\t\n\t\t\t\t\n\t\t\t\t\n\t\t\t\t\n\t\t\t\t<div class=\"et_pb_module et_d4_element et_pb_image et_pb_image_0\">\n\t\t\t\t\n\t\t\t\t\n\t\t\t\t\n\t\t\t\t\n\t\t\t\t<span class=\"et_pb_image_wrap\"><img loading=\"lazy\" decoding=\"async\" width=\"750\" height=\"500\" src=\"https:\/\/dev.cloudingdots.com\/wp-content\/uploads\/2025\/05\/domain-search.webp\" alt=\"\" title=\"pesquisa de dom\u00ednios\" srcset=\"https:\/\/cloudingdots.com\/wp-content\/uploads\/2025\/05\/domain-search.webp 750w, https:\/\/cloudingdots.com\/wp-content\/uploads\/2025\/05\/domain-search-480x320.webp 480w\" sizes=\"(min-width: 0px) and (max-width: 480px) 480px, (min-width: 481px) 750px, 100vw\" class=\"wp-image-505\" \/><\/span>\n\t\t\t<\/div>\n\t\t\t<\/div>\n\t\t\t\t\n\t\t\t\t\n\t\t\t\t\n\t\t\t\t\n\t\t\t<\/div>\n\t\t\t\t\n\t\t\t\t\n\t\t\t<\/div><div class=\"et_d4_element et_pb_section et_pb_section_1  et_pb_css_mix_blend_mode et_section_regular et_block_section\" >\n\t\t\t\t\n\t\t\t\t\n\t\t\t\t\n\t\t\t\t\n\t\t\t\t\n\t\t\t\t\n\t\t\t\t<div class=\"et_d4_element et_pb_row et_pb_row_1  et_pb_css_mix_blend_mode et_block_row\">\n\t\t\t\t<div class=\"et_d4_element et_pb_column_4_4 et_pb_column et_pb_column_2  et_pb_css_mix_blend_mode et-last-child et_block_column\">\n\t\t\t\t\n\t\t\t\t\n\t\t\t\t\n\t\t\t\t\n\t\t\t\t<div class=\"et_pb_module et_d4_element et_pb_text et_pb_text_3  et_pb_text_align_left et_pb_bg_layout_light\">\n\t\t\t\t\n\t\t\t\t\n\t\t\t\t\n\t\t\t\t\n\t\t\t\t<div class=\"et_pb_text_inner\"><h2>Encontre o seu dom\u00ednio perfeito instantaneamente<\/h2><\/div>\n\t\t\t<\/div>\n\t\t\t<\/div>\n\t\t\t\t\n\t\t\t\t\n\t\t\t\t\n\t\t\t\t\n\t\t\t<\/div><div id=\"domain-search\" class=\"et_d4_element et_pb_row et_pb_row_2  et_pb_css_mix_blend_mode et_block_row\">\n\t\t\t\t<div class=\"et_d4_element et_pb_column_1_4 et_pb_column et_pb_column_3  et_pb_css_mix_blend_mode et_block_column et_pb_column_empty\">\n\t\t\t\t\n\t\t\t\t\n\t\t\t\t\n\t\t\t\t\n\t\t\t\t\n\t\t\t<\/div><div class=\"et_d4_element et_pb_column_1_2 et_pb_column et_pb_column_4  et_pb_css_mix_blend_mode et_block_column\">\n\t\t\t\t\n\t\t\t\t\n\t\t\t\t\n\t\t\t\t\n\t\t\t\t<div class=\"et_pb_module et_d4_element et_pb_code et_pb_code_0\">\n\t\t\t\t\n\t\t\t\t\n\t\t\t\t\n\t\t\t\t\n\t\t\t\t<div class=\"et_pb_code_inner\"><form action=\"https:\/\/store.cloudingdots.com\/cart.php?a=add&domain=register\" method=\"post\" style=\"display: flex; gap: 8px; max-width: 100%;\">\n  <input type=\"text\" name=\"query\" style=\"flex: 1; padding: 8px; font-size: 16px;\" placeholder=\"Dom\u00ednio de pesquisa...\" \/>\n  <input type=\"submit\" value=\"Ir\" style=\"padding: 8px 16px; font-size: 16px; cursor: pointer;\" \/>\n<\/form><\/div>\n\t\t\t<\/div>\n\t\t\t<\/div><div class=\"et_d4_element et_pb_column_1_4 et_pb_column et_pb_column_5  et_pb_css_mix_blend_mode et-last-child et_block_column et_pb_column_empty\">\n\t\t\t\t\n\t\t\t\t\n\t\t\t\t\n\t\t\t\t\n\t\t\t\t\n\t\t\t<\/div>\n\t\t\t\t\n\t\t\t\t\n\t\t\t\t\n\t\t\t\t\n\t\t\t<\/div>\n\t\t\t\t\n\t\t\t\t\n\t\t\t<\/div><div class=\"et_d4_element et_pb_section et_pb_section_2  et_pb_css_mix_blend_mode et_section_regular et_block_section\" >\n\t\t\t\t\n\t\t\t\t\n\t\t\t\t\n\t\t\t\t\n\t\t\t\t\n\t\t\t\t\n\t\t\t\t<div class=\"et_d4_element et_pb_row et_pb_row_3  et_pb_css_mix_blend_mode et_block_row\">\n\t\t\t\t<div class=\"et_d4_element et_pb_column_1_2 et_pb_column et_pb_column_6  et_pb_css_mix_blend_mode et_block_column\">\n\t\t\t\t\n\t\t\t\t\n\t\t\t\t\n\t\t\t\t\n\t\t\t\t<div class=\"et_pb_module et_d4_element et_pb_text et_pb_text_4  et_pb_text_align_left et_pb_bg_layout_light\">\n\t\t\t\t\n\t\t\t\t\n\t\t\t\t\n\t\t\t\t\n\t\t\t\t<div class=\"et_pb_text_inner\"><h2>Encontre o seu novo dom\u00ednio instantaneamente<\/h2><\/div>\n\t\t\t<\/div><div class=\"et_pb_module et_d4_element et_pb_text et_pb_text_5  et_pb_text_align_left et_pb_bg_layout_light\">\n\t\t\t\t\n\t\t\t\t\n\t\t\t\t\n\t\t\t\t\n\t\t\t\t<div class=\"et_pb_text_inner\"><p><span>Utilize a nossa pesquisa instant\u00e2nea gratuita para ver os dom\u00ednios dispon\u00edveis prontos para registo imediato. Basta introduzir o nome da sua marca, palavras-chave ou frase e, em seguida, pode navegar pelos nomes de dom\u00ednio para encontrar aquele que far\u00e1 com que a sua empresa se destaque das restantes. Pode at\u00e9 introduzir TLDs espec\u00edficos ou deixar que a nossa Pesquisa inteligente verifique os nomes de dom\u00ednio e lhe mostre as melhores op\u00e7\u00f5es.<\/span><\/p><\/div>\n\t\t\t<\/div><div class=\"et_pb_button_module_wrapper et_pb_button_1_wrapper  et_pb_module\">\n\t\t\t\t<a class=\"et_pb_button et_d4_element et_pb_button_1 et_pb_bg_layout_light et_block_module\" href=\"https:\/\/store.cloudingdots.com\/cart.php?a=add&#038;domain=register\" data-icon=\"$\">Pesquisar nome de dom\u00ednio<\/a>\n\t\t\t<\/div>\n\t\t\t<\/div><div class=\"et_d4_element et_pb_column_1_2 et_pb_column et_pb_column_7  et_pb_css_mix_blend_mode et-last-child et_block_column\">\n\t\t\t\t\n\t\t\t\t\n\t\t\t\t\n\t\t\t\t\n\t\t\t\t<div class=\"et_pb_module et_d4_element et_pb_image et_pb_image_1\">\n\t\t\t\t\n\t\t\t\t\n\t\t\t\t\n\t\t\t\t\n\t\t\t\t<span class=\"et_pb_image_wrap\"><img loading=\"lazy\" decoding=\"async\" width=\"750\" height=\"500\" src=\"https:\/\/dev.cloudingdots.com\/wp-content\/uploads\/2025\/05\/search-domain.webp\" alt=\"\" title=\"dom\u00ednio de pesquisa\" srcset=\"https:\/\/cloudingdots.com\/wp-content\/uploads\/2025\/05\/search-domain.webp 750w, https:\/\/cloudingdots.com\/wp-content\/uploads\/2025\/05\/search-domain-480x320.webp 480w\" sizes=\"(min-width: 0px) and (max-width: 480px) 480px, (min-width: 481px) 750px, 100vw\" class=\"wp-image-512\" \/><\/span>\n\t\t\t<\/div>\n\t\t\t<\/div>\n\t\t\t\t\n\t\t\t\t\n\t\t\t\t\n\t\t\t\t\n\t\t\t<\/div>\n\t\t\t\t\n\t\t\t\t\n\t\t\t<\/div><div class=\"et_d4_element et_pb_section et_pb_section_3  et_pb_css_mix_blend_mode et_section_regular et_block_section\" >\n\t\t\t\t\n\t\t\t\t\n\t\t\t\t\n\t\t\t\t\n\t\t\t\t\n\t\t\t\t\n\t\t\t\t<div class=\"et_d4_element et_pb_row et_pb_row_4  et_pb_css_mix_blend_mode et_block_row\">\n\t\t\t\t<div class=\"et_d4_element et_pb_column_1_2 et_pb_column et_pb_column_8  et_pb_css_mix_blend_mode et_block_column\">\n\t\t\t\t\n\t\t\t\t\n\t\t\t\t\n\t\t\t\t\n\t\t\t\t<div class=\"et_pb_module et_d4_element et_pb_image et_pb_image_2\">\n\t\t\t\t\n\t\t\t\t\n\t\t\t\t\n\t\t\t\t\n\t\t\t\t<span class=\"et_pb_image_wrap\"><img loading=\"lazy\" decoding=\"async\" width=\"750\" height=\"500\" src=\"https:\/\/dev.cloudingdots.com\/wp-content\/uploads\/2025\/05\/transfer-domain.webp\" alt=\"transferir o dom\u00ednio para cloudingdots\" title=\"dom\u00ednio de transfer\u00eancia\" srcset=\"https:\/\/cloudingdots.com\/wp-content\/uploads\/2025\/05\/transfer-domain.webp 750w, https:\/\/cloudingdots.com\/wp-content\/uploads\/2025\/05\/transfer-domain-480x320.webp 480w\" sizes=\"(min-width: 0px) and (max-width: 480px) 480px, (min-width: 481px) 750px, 100vw\" class=\"wp-image-514\" \/><\/span>\n\t\t\t<\/div>\n\t\t\t<\/div><div class=\"et_d4_element et_pb_column_1_2 et_pb_column et_pb_column_9  et_pb_css_mix_blend_mode et-last-child et_block_column\">\n\t\t\t\t\n\t\t\t\t\n\t\t\t\t\n\t\t\t\t\n\t\t\t\t<div class=\"et_pb_module et_d4_element et_pb_text et_pb_text_6  et_pb_text_align_left et_pb_bg_layout_light\">\n\t\t\t\t\n\t\t\t\t\n\t\t\t\t\n\t\t\t\t\n\t\t\t\t<div class=\"et_pb_text_inner\"><h2>Transferir o seu dom\u00ednio para o Clouding Dots<\/h2><\/div>\n\t\t\t<\/div><div class=\"et_pb_module et_d4_element et_pb_text et_pb_text_7  et_pb_text_align_left et_pb_bg_layout_light\">\n\t\t\t\t\n\t\t\t\t\n\t\t\t\t\n\t\t\t\t\n\t\t\t\t<div class=\"et_pb_text_inner\"><p><span>J\u00e1 tem um dom\u00ednio \u00fanico noutro fornecedor de servi\u00e7os? Pode transferi-lo para o NameHero com facilidade, utilizando a nossa Pesquisa Inteligente e escolhendo a op\u00e7\u00e3o Transferir. N\u00e3o precisa de se preocupar se os seus nomes de dom\u00ednio n\u00e3o estiverem prontos para renova\u00e7\u00e3o. N\u00e3o perder\u00e1 nenhum tempo que j\u00e1 tenha pago.<\/span><\/p><\/div>\n\t\t\t<\/div><div class=\"et_pb_button_module_wrapper et_pb_button_2_wrapper  et_pb_module\">\n\t\t\t\t<a class=\"et_pb_button et_d4_element et_pb_button_2 et_pb_bg_layout_light et_block_module\" href=\"https:\/\/store.cloudingdots.com\/cart.php?a=add&#038;domain=transfer\" data-icon=\"$\">Transferir o seu dom\u00ednio<\/a>\n\t\t\t<\/div>\n\t\t\t<\/div>\n\t\t\t\t\n\t\t\t\t\n\t\t\t\t\n\t\t\t\t\n\t\t\t<\/div>\n\t\t\t\t\n\t\t\t\t\n\t\t\t<\/div><div class=\"et_d4_element et_pb_section et_pb_section_4  et_pb_css_mix_blend_mode et_section_regular et_block_section\" >\n\t\t\t\t\n\t\t\t\t\n\t\t\t\t\n\t\t\t\t\n\t\t\t\t\n\t\t\t\t\n\t\t\t\t<div class=\"et_d4_element et_pb_row et_pb_row_5  et_pb_css_mix_blend_mode et_block_row\">\n\t\t\t\t<div class=\"et_d4_element et_pb_column_1_2 et_pb_column et_pb_column_10  et_pb_css_mix_blend_mode et_block_column\">\n\t\t\t\t\n\t\t\t\t\n\t\t\t\t\n\t\t\t\t\n\t\t\t\t<div class=\"et_pb_module et_d4_element et_pb_text et_pb_text_8  et_pb_text_align_left et_pb_bg_layout_light\">\n\t\t\t\t\n\t\t\t\t\n\t\t\t\t\n\t\t\t\t\n\t\t\t\t<div class=\"et_pb_text_inner\"><h2>Gest\u00e3o f\u00e1cil de dom\u00ednios com a ajuda do CloudingDots<\/h2><\/div>\n\t\t\t<\/div><div class=\"et_pb_module et_d4_element et_pb_text et_pb_text_9  et_pb_text_align_left et_pb_bg_layout_light\">\n\t\t\t\t\n\t\t\t\t\n\t\t\t\t\n\t\t\t\t\n\t\t\t\t<div class=\"et_pb_text_inner\"><p class=\"section__desc p-3-l text-left\">Gerir os seus nomes de dom\u00ednio \u00e9 muito f\u00e1cil com o CloudingDots. Quer tenha milhares de nomes de dom\u00ednio ou apenas um que adora, pode geri-los facilmente utilizando o nosso portal de cliente, que lhe permite:<\/p>\n<ul class=\"list-orange\">\n<li class=\"p-3-l\">Gerir as renova\u00e7\u00f5es de nomes de dom\u00ednio.<\/li>\n<li class=\"p-3-l\">Adicione a nossa prote\u00e7\u00e3o contra spam Whois.<\/li>\n<li class=\"p-3-l\">Construa o seu pr\u00f3prio s\u00edtio Web.<\/li>\n<\/ul>\n<p class=\"section__desc p-3-l text-left\">Se tiver alguma d\u00favida, pode contactar-nos.<\/p><\/div>\n\t\t\t<\/div><div class=\"et_pb_button_module_wrapper et_pb_button_3_wrapper  et_pb_module\">\n\t\t\t\t<a class=\"et_pb_button et_d4_element et_pb_button_3 et_pb_bg_layout_light et_block_module\" href=\"https:\/\/store.cloudingdots.com\/cart.php?a=add&#038;domain=register\" data-icon=\"$\">Registar o seu dom\u00ednio<\/a>\n\t\t\t<\/div>\n\t\t\t<\/div><div class=\"et_d4_element et_pb_column_1_2 et_pb_column et_pb_column_11  et_pb_css_mix_blend_mode et-last-child et_block_column\">\n\t\t\t\t\n\t\t\t\t\n\t\t\t\t\n\t\t\t\t\n\t\t\t\t<div class=\"et_pb_module et_d4_element et_pb_image et_pb_image_3\">\n\t\t\t\t\n\t\t\t\t\n\t\t\t\t\n\t\t\t\t\n\t\t\t\t<span class=\"et_pb_image_wrap\"><img loading=\"lazy\" decoding=\"async\" width=\"612\" height=\"408\" src=\"https:\/\/dev.cloudingdots.com\/wp-content\/uploads\/2025\/05\/domain_management.webp\" alt=\"\" title=\"gest\u00e3o_do_dom\u00ednio\" srcset=\"https:\/\/cloudingdots.com\/wp-content\/uploads\/2025\/05\/domain_management.webp 612w, https:\/\/cloudingdots.com\/wp-content\/uploads\/2025\/05\/domain_management-480x320.webp 480w\" sizes=\"(min-width: 0px) and (max-width: 480px) 480px, (min-width: 481px) 612px, 100vw\" class=\"wp-image-516\" \/><\/span>\n\t\t\t<\/div>\n\t\t\t<\/div>\n\t\t\t\t\n\t\t\t\t\n\t\t\t\t\n\t\t\t\t\n\t\t\t<\/div>\n\t\t\t\t\n\t\t\t\t\n\t\t\t<\/div><\/p>","protected":false},"excerpt":{"rendered":"","protected":false},"author":1,"featured_media":0,"parent":0,"menu_order":0,"comment_status":"closed","ping_status":"closed","template":"","meta":{"_et_pb_use_builder":"on","_et_pb_old_content":"","_et_gb_content_width":"","footnotes":""},"class_list":["post-12","page","type-page","status-publish","hentry"],"yoast_head":"<!-- This site is optimized with the Yoast SEO plugin v27.3 - https:\/\/yoast.com\/product\/yoast-seo-wordpress\/ -->\n<title>Domain - Cloudingdots<\/title>\n<meta name=\"robots\" content=\"index, follow, max-snippet:-1, max-image-preview:large, max-video-preview:-1\" \/>\n<link rel=\"canonical\" href=\"https:\/\/cloudingdots.com\/pt\/dominio\/\" \/>\n<meta property=\"og:locale\" content=\"pt_PT\" \/>\n<meta property=\"og:type\" content=\"article\" \/>\n<meta property=\"og:title\" content=\"Domain - Cloudingdots\" \/>\n<meta property=\"og:url\" content=\"https:\/\/cloudingdots.com\/pt\/dominio\/\" \/>\n<meta property=\"og:site_name\" content=\"Cloudingdots\" \/>\n<meta property=\"article:publisher\" content=\"https:\/\/facebook.com\/cloudingdots\/\" \/>\n<meta property=\"article:modified_time\" content=\"2026-01-16T20:19:30+00:00\" \/>\n<meta name=\"twitter:card\" content=\"summary_large_image\" \/>\n<meta name=\"twitter:site\" content=\"@cloudingdots\" \/>\n<meta name=\"twitter:label1\" content=\"Tempo estimado de leitura\" \/>\n\t<meta name=\"twitter:data1\" content=\"6 minutos\" \/>\n<script type=\"application\/ld+json\" class=\"yoast-schema-graph\">{\"@context\":\"https:\\\/\\\/schema.org\",\"@graph\":[{\"@type\":\"WebPage\",\"@id\":\"https:\\\/\\\/cloudingdots.com\\\/domain\\\/\",\"url\":\"https:\\\/\\\/cloudingdots.com\\\/domain\\\/\",\"name\":\"Domain - Cloudingdots\",\"isPartOf\":{\"@id\":\"https:\\\/\\\/cloudingdots.com\\\/#website\"},\"datePublished\":\"2025-05-02T09:49:34+00:00\",\"dateModified\":\"2026-01-16T20:19:30+00:00\",\"breadcrumb\":{\"@id\":\"https:\\\/\\\/cloudingdots.com\\\/domain\\\/#breadcrumb\"},\"inLanguage\":\"pt-PT\",\"potentialAction\":[{\"@type\":\"ReadAction\",\"target\":[\"https:\\\/\\\/cloudingdots.com\\\/domain\\\/\"]}]},{\"@type\":\"BreadcrumbList\",\"@id\":\"https:\\\/\\\/cloudingdots.com\\\/domain\\\/#breadcrumb\",\"itemListElement\":[{\"@type\":\"ListItem\",\"position\":1,\"name\":\"Home\",\"item\":\"https:\\\/\\\/cloudingdots.com\\\/\"},{\"@type\":\"ListItem\",\"position\":2,\"name\":\"Domain\"}]},{\"@type\":\"WebSite\",\"@id\":\"https:\\\/\\\/cloudingdots.com\\\/#website\",\"url\":\"https:\\\/\\\/cloudingdots.com\\\/\",\"name\":\"CloudingDots\",\"description\":\"Start and Grow Your Business\",\"publisher\":{\"@id\":\"https:\\\/\\\/cloudingdots.com\\\/#organization\"},\"potentialAction\":[{\"@type\":\"SearchAction\",\"target\":{\"@type\":\"EntryPoint\",\"urlTemplate\":\"https:\\\/\\\/cloudingdots.com\\\/?s={search_term_string}\"},\"query-input\":{\"@type\":\"PropertyValueSpecification\",\"valueRequired\":true,\"valueName\":\"search_term_string\"}}],\"inLanguage\":\"pt-PT\"},{\"@type\":\"Organization\",\"@id\":\"https:\\\/\\\/cloudingdots.com\\\/#organization\",\"name\":\"CloudingDots\",\"url\":\"https:\\\/\\\/cloudingdots.com\\\/\",\"logo\":{\"@type\":\"ImageObject\",\"inLanguage\":\"pt-PT\",\"@id\":\"https:\\\/\\\/cloudingdots.com\\\/#\\\/schema\\\/logo\\\/image\\\/\",\"url\":\"https:\\\/\\\/cloudingdots.com\\\/wp-content\\\/uploads\\\/2025\\\/05\\\/logo-primary.png\",\"contentUrl\":\"https:\\\/\\\/cloudingdots.com\\\/wp-content\\\/uploads\\\/2025\\\/05\\\/logo-primary.png\",\"width\":191,\"height\":60,\"caption\":\"CloudingDots\"},\"image\":{\"@id\":\"https:\\\/\\\/cloudingdots.com\\\/#\\\/schema\\\/logo\\\/image\\\/\"},\"sameAs\":[\"https:\\\/\\\/facebook.com\\\/cloudingdots\\\/\",\"https:\\\/\\\/x.com\\\/cloudingdots\",\"https:\\\/\\\/instagram.com\\\/cloudingdots\\\/\",\"https:\\\/\\\/pinterest.com\\\/cloudingdots\\\/\",\"https:\\\/\\\/www.linkedin.com\\\/company\\\/cloudingdots\",\"https:\\\/\\\/www.instagram.com\\\/cloudingdots\\\/\"]}]}<\/script>\n<!-- \/ Yoast SEO plugin. -->","yoast_head_json":{"title":"Domain - Cloudingdots","robots":{"index":"index","follow":"follow","max-snippet":"max-snippet:-1","max-image-preview":"max-image-preview:large","max-video-preview":"max-video-preview:-1"},"canonical":"https:\/\/cloudingdots.com\/pt\/dominio\/","og_locale":"pt_PT","og_type":"article","og_title":"Domain - Cloudingdots","og_url":"https:\/\/cloudingdots.com\/pt\/dominio\/","og_site_name":"Cloudingdots","article_publisher":"https:\/\/facebook.com\/cloudingdots\/","article_modified_time":"2026-01-16T20:19:30+00:00","twitter_card":"summary_large_image","twitter_site":"@cloudingdots","twitter_misc":{"Tempo estimado de leitura":"6 minutos"},"schema":{"@context":"https:\/\/schema.org","@graph":[{"@type":"WebPage","@id":"https:\/\/cloudingdots.com\/domain\/","url":"https:\/\/cloudingdots.com\/domain\/","name":"Domain - Cloudingdots","isPartOf":{"@id":"https:\/\/cloudingdots.com\/#website"},"datePublished":"2025-05-02T09:49:34+00:00","dateModified":"2026-01-16T20:19:30+00:00","breadcrumb":{"@id":"https:\/\/cloudingdots.com\/domain\/#breadcrumb"},"inLanguage":"pt-PT","potentialAction":[{"@type":"ReadAction","target":["https:\/\/cloudingdots.com\/domain\/"]}]},{"@type":"BreadcrumbList","@id":"https:\/\/cloudingdots.com\/domain\/#breadcrumb","itemListElement":[{"@type":"ListItem","position":1,"name":"Home","item":"https:\/\/cloudingdots.com\/"},{"@type":"ListItem","position":2,"name":"Domain"}]},{"@type":"WebSite","@id":"https:\/\/cloudingdots.com\/#website","url":"https:\/\/cloudingdots.com\/","name":"Pontos de turva\u00e7\u00e3o","description":"Iniciar e desenvolver o seu neg\u00f3cio","publisher":{"@id":"https:\/\/cloudingdots.com\/#organization"},"potentialAction":[{"@type":"SearchAction","target":{"@type":"EntryPoint","urlTemplate":"https:\/\/cloudingdots.com\/?s={search_term_string}"},"query-input":{"@type":"PropertyValueSpecification","valueRequired":true,"valueName":"search_term_string"}}],"inLanguage":"pt-PT"},{"@type":"Organization","@id":"https:\/\/cloudingdots.com\/#organization","name":"Pontos de turva\u00e7\u00e3o","url":"https:\/\/cloudingdots.com\/","logo":{"@type":"ImageObject","inLanguage":"pt-PT","@id":"https:\/\/cloudingdots.com\/#\/schema\/logo\/image\/","url":"https:\/\/cloudingdots.com\/wp-content\/uploads\/2025\/05\/logo-primary.png","contentUrl":"https:\/\/cloudingdots.com\/wp-content\/uploads\/2025\/05\/logo-primary.png","width":191,"height":60,"caption":"CloudingDots"},"image":{"@id":"https:\/\/cloudingdots.com\/#\/schema\/logo\/image\/"},"sameAs":["https:\/\/facebook.com\/cloudingdots\/","https:\/\/x.com\/cloudingdots","https:\/\/instagram.com\/cloudingdots\/","https:\/\/pinterest.com\/cloudingdots\/","https:\/\/www.linkedin.com\/company\/cloudingdots","https:\/\/www.instagram.com\/cloudingdots\/"]}]}},"_links":{"self":[{"href":"https:\/\/cloudingdots.com\/pt\/wp-json\/wp\/v2\/pages\/12","targetHints":{"allow":["GET"]}}],"collection":[{"href":"https:\/\/cloudingdots.com\/pt\/wp-json\/wp\/v2\/pages"}],"about":[{"href":"https:\/\/cloudingdots.com\/pt\/wp-json\/wp\/v2\/types\/page"}],"author":[{"embeddable":true,"href":"https:\/\/cloudingdots.com\/pt\/wp-json\/wp\/v2\/users\/1"}],"replies":[{"embeddable":true,"href":"https:\/\/cloudingdots.com\/pt\/wp-json\/wp\/v2\/comments?post=12"}],"version-history":[{"count":24,"href":"https:\/\/cloudingdots.com\/pt\/wp-json\/wp\/v2\/pages\/12\/revisions"}],"predecessor-version":[{"id":895,"href":"https:\/\/cloudingdots.com\/pt\/wp-json\/wp\/v2\/pages\/12\/revisions\/895"}],"wp:attachment":[{"href":"https:\/\/cloudingdots.com\/pt\/wp-json\/wp\/v2\/media?parent=12"}],"curies":[{"name":"wp","href":"https:\/\/api.w.org\/{rel}","templated":true}]}}