{"id":549,"date":"2025-05-22T13:21:34","date_gmt":"2025-05-22T13:21:34","guid":{"rendered":"https:\/\/dev.cloudingdots.com\/?page_id=549"},"modified":"2026-03-19T14:35:47","modified_gmt":"2026-03-19T14:35:47","slug":"politica-de-cookies","status":"publish","type":"page","link":"https:\/\/cloudingdots.com\/pt\/cookies-policy\/","title":{"rendered":"Pol\u00edtica de cookies"},"content":{"rendered":"<div class=\"et_pb_section_0 et_pb_section et_section_regular et_flex_section\"><div class=\"et_pb_row_0 et_pb_row et_flex_row\"><div class=\"et_pb_column_0 et_pb_column et-last-child et_flex_column et_pb_css_mix_blend_mode_passthrough et_flex_column_24_24 et_flex_column_24_24_tablet et_flex_column_24_24_phone\"><div class=\"et_pb_text_0 et_pb_text et_pb_bg_layout_light et_pb_module et_flex_module\"><div class=\"et_pb_text_inner\"><p><!-- wp:paragraph --><\/p>\n<p>Esta Pol\u00edtica de Cookies descreve como e porque \u00e9 que a CloudingDots. utiliza cookies, web beacons, pix\u00e9is, tags, scripts e outras tecnologias semelhantes no decurso da nossa atividade, incluindo atrav\u00e9s de s\u00edtios Web e aplica\u00e7\u00f5es que remetem para esta Pol\u00edtica de Cookies. Tamb\u00e9m explica os seus direitos para controlar a nossa utiliza\u00e7\u00e3o destas tecnologias de rastreio.<\/p>\n<p><!-- \/wp:paragraph --><\/p>\n<p><!-- wp:heading --><\/p>\n<h2 class=\"wp-block-heading\">O que s\u00e3o cookies<\/h2>\n<p><!-- \/wp:heading --><\/p>\n<p><!-- wp:paragraph --><\/p>\n<p>Os cookies s\u00e3o pequenos ficheiros de dados colocados no seu computador ou noutro dispositivo com acesso \u00e0 Internet que permitem as nossas carater\u00edsticas e funcionalidades. Permitem-nos registar informa\u00e7\u00f5es quando o utilizador visita ou interage com os nossos s\u00edtios Web, produtos e servi\u00e7os (coletivamente, os nossos \u201cs\u00edtios Web\u201d). Outras tecnologias de rastreio, como web beacons e pixels, funcionam de forma semelhante aos cookies, colocando pequenos ficheiros de dados no seu dispositivo que monitorizam a sua atividade no Website.<\/p>\n<p><!-- \/wp:paragraph --><\/p>\n<p><!-- wp:heading --><\/p>\n<h2 class=\"wp-block-heading\">Como utilizamos os cookies<\/h2>\n<p><!-- \/wp:heading --><\/p>\n<p><!-- wp:paragraph --><\/p>\n<p>Utilizamos cookies e outras tecnologias de rastreio para tornar os nossos s\u00edtios Web mais f\u00e1ceis de utilizar e para os adaptar melhor aos seus interesses e necessidades. Utilizamos as informa\u00e7\u00f5es que obtemos dos cookies e de outras tecnologias de rastreio para realizar actividades de defini\u00e7\u00e3o de perfis, a fim de saber mais sobre o utilizador e oferecer-lhe publicidade personalizada com base no seu comportamento nos nossos s\u00edtios Web. Tamb\u00e9m utilizamos estas tecnologias para compilar informa\u00e7\u00f5es an\u00f3nimas e agregadas que nos permitem compreender melhor os nossos clientes e visitantes.<\/p>\n<p><!-- \/wp:paragraph --><\/p>\n<p><!-- wp:paragraph --><\/p>\n<p>Quando nos adquire um Servi\u00e7o, as suas informa\u00e7\u00f5es pessoais ser\u00e3o recolhidas, utilizadas e partilhadas de acordo com as disposi\u00e7\u00f5es da presente pol\u00edtica de privacidade.<\/p>\n<p><!-- \/wp:paragraph --><\/p>\n<p><!-- wp:heading --><\/p>\n<h2 class=\"wp-block-heading\">Que tipo de cookies e tecnologias de rastreio utilizamos<\/h2>\n<p><!-- \/wp:heading --><\/p>\n<p><!-- wp:heading --><\/p>\n<h2 class=\"wp-block-heading\">Cookies persistentes e de sess\u00e3o<\/h2>\n<p><!-- \/wp:heading --><\/p>\n<p><!-- wp:paragraph --><\/p>\n<p>Utilizamos duas categorias de cookies: Cookies persistentes e cookies de sess\u00e3o. Os cookies persistentes s\u00e3o cookies que nos ajudam a reconhecer o utilizador. S\u00e3o armazenados no seu dispositivo entre as sess\u00f5es do browser, permitindo-nos recordar as suas prefer\u00eancias e ac\u00e7\u00f5es em v\u00e1rios s\u00edtios e em v\u00e1rias visitas. Os cookies de sess\u00e3o expiram no final da sess\u00e3o do seu navegador, permitindo-nos associar as suas ac\u00e7\u00f5es durante uma determinada sess\u00e3o de navega\u00e7\u00e3o.<\/p>\n<p><!-- \/wp:paragraph --><\/p>\n<p><!-- wp:heading --><\/p>\n<h2 class=\"wp-block-heading\">Cookies de terceiros<\/h2>\n<p><!-- \/wp:heading --><\/p>\n<p><!-- wp:paragraph --><\/p>\n<p>Para al\u00e9m dos cookies de primeira parte definidos por n\u00f3s, tamb\u00e9m utilizamos cookies de terceiros. Os cookies de terceiros s\u00e3o cookies definidos por outros, permitindo que as carater\u00edsticas ou funcionalidades de terceiros sejam fornecidas atrav\u00e9s do Web site que est\u00e1 a utilizar. O terceiro que define estes cookies pode reconhecer o seu dispositivo quando visita o nosso s\u00edtio Web e quando visita outros s\u00edtios Web ou servi\u00e7os. Por exemplo, os nossos patrocinadores pagos, ou afiliados, podem utilizar cookies de terceiros para identificar o utilizador como uma refer\u00eancia, para que possam ser compensados se o utilizador se inscrever em servi\u00e7os nossos como resultado da visita a um dos nossos patrocinadores pagos. Os fornecedores de servi\u00e7os de cookies de terceiros t\u00eam as suas pr\u00f3prias pol\u00edticas de privacidade e podem utilizar os seus cookies para direcionar a publicidade para o utilizador.<\/p>\n<p><!-- \/wp:paragraph --><\/p>\n<p><!-- wp:heading --><\/p>\n<h2 class=\"wp-block-heading\">Rastreio entre dispositivos<\/h2>\n<p><!-- \/wp:heading --><\/p>\n<p><!-- wp:paragraph --><\/p>\n<p>Efectuamos o rastreio entre dispositivos, o que nos permite fornecer publicidade mais relevante ao utilizador em v\u00e1rios dispositivos. Fazemo-lo identificando a atividade de navega\u00e7\u00e3o nos seus smartphones, tablets, computadores de secret\u00e1ria e outros dispositivos ligados ao mesmo endere\u00e7o IP ou com sess\u00e3o iniciada na mesma conta para compreender melhor os produtos e servi\u00e7os que podem ser do seu interesse.<\/p>\n<p><!-- \/wp:paragraph --><\/p>\n<p><!-- wp:heading --><\/p>\n<h2 class=\"wp-block-heading\">Objectos de armazenamento local<\/h2>\n<p><!-- \/wp:heading --><\/p>\n<p><!-- wp:paragraph --><\/p>\n<p>Tamb\u00e9m utilizamos Objectos de Armazenamento Local (LSOs), como HTML5, para, entre outras coisas, otimizar a apresenta\u00e7\u00e3o do ecr\u00e3, v\u00eddeo e outras informa\u00e7\u00f5es de prefer\u00eancia.<\/p>\n<p><!-- \/wp:paragraph --><\/p>\n<p><!-- wp:heading --><\/p>\n<h2 class=\"wp-block-heading\">Google Analytics<\/h2>\n<p><!-- \/wp:heading --><\/p>\n<p><!-- wp:paragraph --><\/p>\n<p>Utilizamos o Google Analytics, que \u00e9 uma ferramenta de an\u00e1lise da Web que nos ajuda a compreender a forma como os utilizadores interagem com os nossos s\u00edtios Web. Tal como muitos servi\u00e7os, o Google Analytics utiliza cookies originais para acompanhar as intera\u00e7\u00f5es dos utilizadores, como no nosso caso, em que s\u00e3o utilizados para recolher informa\u00e7\u00f5es sobre a forma como os utilizadores utilizam o nosso s\u00edtio Web. Estas informa\u00e7\u00f5es s\u00e3o utilizadas para compilar relat\u00f3rios e para nos ajudar a melhorar os nossos Web sites. Os relat\u00f3rios revelam as tend\u00eancias do s\u00edtio Web sem identificar visitantes individuais.<\/p>\n<p><!-- \/wp:paragraph --><\/p>\n<p><!-- wp:heading --><\/p>\n<h2 class=\"wp-block-heading\">Porque \u00e9 que utilizamos cookies<\/h2>\n<p><!-- \/wp:heading --><\/p>\n<p><!-- wp:paragraph --><\/p>\n<p>Geralmente, utilizamos cookies que s\u00e3o necess\u00e1rios ou essenciais para o funcionamento dos nossos s\u00edtios Web, cookies que nos ajudam a melhorar o desempenho ou a personalizar a funcionalidade dos nossos s\u00edtios Web e cookies que nos ajudam a apresentar-lhe an\u00fancios relevantes. Os tipos de cookies descritos abaixo podem ser definidos por n\u00f3s ou por um terceiro fornecedor de servi\u00e7os que nos ajude a desempenhar as fun\u00e7\u00f5es abaixo indicadas. Especificamente, utilizamos cookies pelas seguintes raz\u00f5es:<\/p>\n<p><strong>- Estritamente necess\u00e1rio:<\/strong>&nbsp;Estes cookies e tecnologias de rastreio permitem-lhe navegar nos nossos s\u00edtios Web e utilizar funcionalidades essenciais, incluindo \u00e1reas seguras e cestos de compras. Sem estas tecnologias, n\u00e3o nos \u00e9 poss\u00edvel fornecer ao utilizador as funcionalidades essenciais dos nossos s\u00edtios Web, produtos e servi\u00e7os.<br \/><strong>- Desempenho:&nbsp;<\/strong>Estes cookies e tecnologias de rastreio ajudam-nos a compreender a forma como os clientes e visitantes interagem com os nossos s\u00edtios Web. Fornecem-nos informa\u00e7\u00f5es sobre as \u00e1reas do nosso s\u00edtio Web visitadas, o tempo passado nos nossos s\u00edtios Web e quaisquer mensagens de erro que receba, o que nos permite melhorar o desempenho dos nossos s\u00edtios Web. N\u00e3o recolhem quaisquer informa\u00e7\u00f5es que possam identificar o utilizador.<br \/><strong>- Funcional:<\/strong>&nbsp;Estes cookies e tecnologias de rastreio s\u00e3o utilizados para fornecer determinados servi\u00e7os ou para memorizar defini\u00e7\u00f5es que melhorar\u00e3o a sua visita, mas n\u00e3o s\u00e3o essenciais para a utiliza\u00e7\u00e3o dos nossos s\u00edtios Web. Podem incluir informa\u00e7\u00f5es pessoais que o utilizador nos tenha revelado.<br \/><strong>- Direcionamento ou publicidade:<\/strong>&nbsp;Estes cookies e tecnologias de rastreio permitem-nos apresentar an\u00fancios com conte\u00fados relevantes para os interesses espec\u00edficos do utilizador. Este conte\u00fado pode ser apresentado nos nossos s\u00edtios Web ou em s\u00edtios ou servi\u00e7os de terceiros. Permitem-nos compreender e melhorar a relev\u00e2ncia dos nossos an\u00fancios. Podem registar informa\u00e7\u00f5es pessoais, incluindo o seu endere\u00e7o IP.<br \/><strong>- Cookies de redes sociais:<\/strong>&nbsp;Estes cookies s\u00e3o definidos por terceiros, incluindo o Facebook e o Twitter, e permitem-lhe partilhar o que tem feito nos nossos s\u00edtios Web nas redes sociais.<\/p>\n<p><!-- \/wp:paragraph --><\/p>\n<p><!-- wp:heading --><\/p>\n<h2 class=\"wp-block-heading\"><strong>Como posso controlar os cookies?<\/strong><\/h2>\n<p><!-- \/wp:heading --><\/p>\n<p><!-- wp:paragraph --><\/p>\n<p>Se visitar os nossos s\u00edtios Web a partir da Europa, apenas os cookies estritamente necess\u00e1rios e outras tecnologias de rastreio ser\u00e3o utilizados nos nossos s\u00edtios Web por defeito. Os outros cookies e tecnologias de rastreio s\u00f3 ser\u00e3o utilizados com o seu consentimento.<\/p>\n<p>Quando o utilizador visita o nosso s\u00edtio Web a partir de fora da Europa, os cookies e tecnologias de rastreio semelhantes acima mencionados ser\u00e3o utilizados por defeito<\/p>\n<p>Os navegadores da Internet permitem-lhe alterar as suas defini\u00e7\u00f5es de cookies atrav\u00e9s do menu \u201cop\u00e7\u00f5es\u2019 ou \u201cprefer\u00eancias\u201d do seu navegador. Tenha em aten\u00e7\u00e3o que se configurar o seu browser para recusar ou bloquear todos os cookies, determinadas carater\u00edsticas ou funcionalidades dos nossos s\u00edtios Web ser\u00e3o limitadas ou n\u00e3o estar\u00e3o dispon\u00edveis para si.<\/p>\n<p>Alguns navegadores de Internet incluem a capacidade de transmitir sinais de \u201cn\u00e3o rastrear\u201d. Uma vez que ainda n\u00e3o foi desenvolvida uma norma da ind\u00fastria no que diz respeito a \u201cn\u00e3o seguir\u201d, os nossos s\u00edtios Web n\u00e3o processam nem respondem atualmente a esses sinais de \u201cn\u00e3o seguir\u201d.<\/p>\n<p>Pode optar por sair do Google Analytics sem afetar a forma como visita o nosso s\u00edtio. Para mais informa\u00e7\u00f5es sobre como optar por n\u00e3o ser monitorizado pelo Google Analytics em todos os s\u00edtios Web que utiliza, visite esta p\u00e1gina do Google: https:\/\/tools.google.com\/dlpage\/gaoptout.<\/p>\n<p>Para saber como gerir as defini\u00e7\u00f5es de privacidade e armazenamento de Flash cookies, visite http:\/\/www.macromedia.com\/support\/documentation\/en\/flashplayer\/help\/settings_manager07.html.<\/p>\n<p>Para mais informa\u00e7\u00f5es sobre a elimina\u00e7\u00e3o e o bloqueio de cookies, consultar http:\/\/www.allaboutcookies.org.<\/p>\n<p>Para mais informa\u00e7\u00f5es sobre a utiliza\u00e7\u00e3o de cookies pelos nossos anunciantes, consultar:<\/p>\n<p>Alian\u00e7a Europeia de Publicidade Digital Interactiva: http:\/\/www.youronlinechoices.eu\/<br \/>Internet Advertising Bureau (EUA): https:\/\/www.iab.com\/<br \/>Internet Advertising Bureau (UE): https:\/\/www.iabeurope.eu\/<\/p>\n<p><!-- \/wp:paragraph --><\/p>\n<p><!-- wp:heading --><\/p>\n<h2 class=\"wp-block-heading\">Como posso obter mais informa\u00e7\u00f5es?<\/h2>\n<p><!-- \/wp:heading --><\/p>\n<p><!-- wp:paragraph --><\/p>\n<p>Se tiver alguma d\u00favida sobre a nossa utiliza\u00e7\u00e3o de cookies ou outras tecnologias de rastreio, envie-nos uma mensagem de correio eletr\u00f3nico para legal@cloudingdots.com<\/p>\n<p><!-- \/wp:paragraph --><\/p>\n<\/div><\/div><\/div><\/div><\/div>","protected":false},"excerpt":{"rendered":"","protected":false},"author":1,"featured_media":0,"parent":0,"menu_order":0,"comment_status":"closed","ping_status":"closed","template":"","meta":{"footnotes":""},"class_list":["post-549","page","type-page","status-publish","hentry"],"yoast_head":"<!-- This site is optimized with the Yoast SEO plugin v27.3 - https:\/\/yoast.com\/product\/yoast-seo-wordpress\/ -->\n<title>Cookies Policy - Cloudingdots<\/title>\n<meta name=\"robots\" content=\"index, follow, max-snippet:-1, max-image-preview:large, max-video-preview:-1\" \/>\n<link rel=\"canonical\" href=\"https:\/\/cloudingdots.com\/pt\/politica-de-cookies\/\" \/>\n<meta property=\"og:locale\" content=\"pt_PT\" \/>\n<meta property=\"og:type\" content=\"article\" \/>\n<meta property=\"og:title\" content=\"Cookies Policy - Cloudingdots\" \/>\n<meta property=\"og:url\" content=\"https:\/\/cloudingdots.com\/pt\/politica-de-cookies\/\" \/>\n<meta property=\"og:site_name\" content=\"Cloudingdots\" \/>\n<meta property=\"article:publisher\" content=\"https:\/\/facebook.com\/cloudingdots\/\" \/>\n<meta property=\"article:modified_time\" content=\"2026-03-19T14:35:47+00:00\" \/>\n<meta name=\"twitter:card\" content=\"summary_large_image\" \/>\n<meta name=\"twitter:site\" content=\"@cloudingdots\" \/>\n<script type=\"application\/ld+json\" class=\"yoast-schema-graph\">{\"@context\":\"https:\\\/\\\/schema.org\",\"@graph\":[{\"@type\":\"WebPage\",\"@id\":\"https:\\\/\\\/cloudingdots.com\\\/en\\\/cookies-policy\\\/\",\"url\":\"https:\\\/\\\/cloudingdots.com\\\/en\\\/cookies-policy\\\/\",\"name\":\"Cookies Policy - Cloudingdots\",\"isPartOf\":{\"@id\":\"https:\\\/\\\/cloudingdots.com\\\/#website\"},\"datePublished\":\"2025-05-22T13:21:34+00:00\",\"dateModified\":\"2026-03-19T14:35:47+00:00\",\"breadcrumb\":{\"@id\":\"https:\\\/\\\/cloudingdots.com\\\/en\\\/cookies-policy\\\/#breadcrumb\"},\"inLanguage\":\"pt-PT\",\"potentialAction\":[{\"@type\":\"ReadAction\",\"target\":[\"https:\\\/\\\/cloudingdots.com\\\/en\\\/cookies-policy\\\/\"]}]},{\"@type\":\"BreadcrumbList\",\"@id\":\"https:\\\/\\\/cloudingdots.com\\\/en\\\/cookies-policy\\\/#breadcrumb\",\"itemListElement\":[{\"@type\":\"ListItem\",\"position\":1,\"name\":\"Home\",\"item\":\"https:\\\/\\\/cloudingdots.com\\\/\"},{\"@type\":\"ListItem\",\"position\":2,\"name\":\"Cookies Policy\"}]},{\"@type\":\"WebSite\",\"@id\":\"https:\\\/\\\/cloudingdots.com\\\/#website\",\"url\":\"https:\\\/\\\/cloudingdots.com\\\/\",\"name\":\"CloudingDots\",\"description\":\"Start and Grow Your Business\",\"publisher\":{\"@id\":\"https:\\\/\\\/cloudingdots.com\\\/#organization\"},\"potentialAction\":[{\"@type\":\"SearchAction\",\"target\":{\"@type\":\"EntryPoint\",\"urlTemplate\":\"https:\\\/\\\/cloudingdots.com\\\/?s={search_term_string}\"},\"query-input\":{\"@type\":\"PropertyValueSpecification\",\"valueRequired\":true,\"valueName\":\"search_term_string\"}}],\"inLanguage\":\"pt-PT\"},{\"@type\":\"Organization\",\"@id\":\"https:\\\/\\\/cloudingdots.com\\\/#organization\",\"name\":\"CloudingDots\",\"url\":\"https:\\\/\\\/cloudingdots.com\\\/\",\"logo\":{\"@type\":\"ImageObject\",\"inLanguage\":\"pt-PT\",\"@id\":\"https:\\\/\\\/cloudingdots.com\\\/#\\\/schema\\\/logo\\\/image\\\/\",\"url\":\"https:\\\/\\\/cloudingdots.com\\\/wp-content\\\/uploads\\\/2025\\\/05\\\/logo-primary.png\",\"contentUrl\":\"https:\\\/\\\/cloudingdots.com\\\/wp-content\\\/uploads\\\/2025\\\/05\\\/logo-primary.png\",\"width\":191,\"height\":60,\"caption\":\"CloudingDots\"},\"image\":{\"@id\":\"https:\\\/\\\/cloudingdots.com\\\/#\\\/schema\\\/logo\\\/image\\\/\"},\"sameAs\":[\"https:\\\/\\\/facebook.com\\\/cloudingdots\\\/\",\"https:\\\/\\\/x.com\\\/cloudingdots\",\"https:\\\/\\\/instagram.com\\\/cloudingdots\\\/\",\"https:\\\/\\\/pinterest.com\\\/cloudingdots\\\/\",\"https:\\\/\\\/www.linkedin.com\\\/company\\\/cloudingdots\",\"https:\\\/\\\/www.instagram.com\\\/cloudingdots\\\/\"]}]}<\/script>\n<!-- \/ Yoast SEO plugin. -->","yoast_head_json":{"title":"Cookies Policy - Cloudingdots","robots":{"index":"index","follow":"follow","max-snippet":"max-snippet:-1","max-image-preview":"max-image-preview:large","max-video-preview":"max-video-preview:-1"},"canonical":"https:\/\/cloudingdots.com\/pt\/politica-de-cookies\/","og_locale":"pt_PT","og_type":"article","og_title":"Cookies Policy - Cloudingdots","og_url":"https:\/\/cloudingdots.com\/pt\/politica-de-cookies\/","og_site_name":"Cloudingdots","article_publisher":"https:\/\/facebook.com\/cloudingdots\/","article_modified_time":"2026-03-19T14:35:47+00:00","twitter_card":"summary_large_image","twitter_site":"@cloudingdots","schema":{"@context":"https:\/\/schema.org","@graph":[{"@type":"WebPage","@id":"https:\/\/cloudingdots.com\/en\/cookies-policy\/","url":"https:\/\/cloudingdots.com\/en\/cookies-policy\/","name":"Cookies Policy - Cloudingdots","isPartOf":{"@id":"https:\/\/cloudingdots.com\/#website"},"datePublished":"2025-05-22T13:21:34+00:00","dateModified":"2026-03-19T14:35:47+00:00","breadcrumb":{"@id":"https:\/\/cloudingdots.com\/en\/cookies-policy\/#breadcrumb"},"inLanguage":"pt-PT","potentialAction":[{"@type":"ReadAction","target":["https:\/\/cloudingdots.com\/en\/cookies-policy\/"]}]},{"@type":"BreadcrumbList","@id":"https:\/\/cloudingdots.com\/en\/cookies-policy\/#breadcrumb","itemListElement":[{"@type":"ListItem","position":1,"name":"Home","item":"https:\/\/cloudingdots.com\/"},{"@type":"ListItem","position":2,"name":"Cookies Policy"}]},{"@type":"WebSite","@id":"https:\/\/cloudingdots.com\/#website","url":"https:\/\/cloudingdots.com\/","name":"Pontos de turva\u00e7\u00e3o","description":"Iniciar e desenvolver o seu neg\u00f3cio","publisher":{"@id":"https:\/\/cloudingdots.com\/#organization"},"potentialAction":[{"@type":"SearchAction","target":{"@type":"EntryPoint","urlTemplate":"https:\/\/cloudingdots.com\/?s={search_term_string}"},"query-input":{"@type":"PropertyValueSpecification","valueRequired":true,"valueName":"search_term_string"}}],"inLanguage":"pt-PT"},{"@type":"Organization","@id":"https:\/\/cloudingdots.com\/#organization","name":"Pontos de turva\u00e7\u00e3o","url":"https:\/\/cloudingdots.com\/","logo":{"@type":"ImageObject","inLanguage":"pt-PT","@id":"https:\/\/cloudingdots.com\/#\/schema\/logo\/image\/","url":"https:\/\/cloudingdots.com\/wp-content\/uploads\/2025\/05\/logo-primary.png","contentUrl":"https:\/\/cloudingdots.com\/wp-content\/uploads\/2025\/05\/logo-primary.png","width":191,"height":60,"caption":"CloudingDots"},"image":{"@id":"https:\/\/cloudingdots.com\/#\/schema\/logo\/image\/"},"sameAs":["https:\/\/facebook.com\/cloudingdots\/","https:\/\/x.com\/cloudingdots","https:\/\/instagram.com\/cloudingdots\/","https:\/\/pinterest.com\/cloudingdots\/","https:\/\/www.linkedin.com\/company\/cloudingdots","https:\/\/www.instagram.com\/cloudingdots\/"]}]}},"_links":{"self":[{"href":"https:\/\/cloudingdots.com\/pt\/wp-json\/wp\/v2\/pages\/549","targetHints":{"allow":["GET"]}}],"collection":[{"href":"https:\/\/cloudingdots.com\/pt\/wp-json\/wp\/v2\/pages"}],"about":[{"href":"https:\/\/cloudingdots.com\/pt\/wp-json\/wp\/v2\/types\/page"}],"author":[{"embeddable":true,"href":"https:\/\/cloudingdots.com\/pt\/wp-json\/wp\/v2\/users\/1"}],"replies":[{"embeddable":true,"href":"https:\/\/cloudingdots.com\/pt\/wp-json\/wp\/v2\/comments?post=549"}],"version-history":[{"count":4,"href":"https:\/\/cloudingdots.com\/pt\/wp-json\/wp\/v2\/pages\/549\/revisions"}],"predecessor-version":[{"id":901,"href":"https:\/\/cloudingdots.com\/pt\/wp-json\/wp\/v2\/pages\/549\/revisions\/901"}],"wp:attachment":[{"href":"https:\/\/cloudingdots.com\/pt\/wp-json\/wp\/v2\/media?parent=549"}],"curies":[{"name":"wp","href":"https:\/\/api.w.org\/{rel}","templated":true}]}}