{"id":607,"date":"2025-05-27T09:55:21","date_gmt":"2025-05-27T09:55:21","guid":{"rendered":"https:\/\/dev.cloudingdots.com\/?page_id=607"},"modified":"2026-01-16T20:19:15","modified_gmt":"2026-01-16T20:19:15","slug":"migracoes","status":"publish","type":"page","link":"https:\/\/cloudingdots.com\/pt\/migrations\/","title":{"rendered":"Migra\u00e7\u00f5es"},"content":{"rendered":"<div class=\"et_pb_section_0 et_pb_section et_section_regular et_block_section\"><div class=\"et_pb_row_0 et_pb_row et_block_row\"><div class=\"et_pb_column_0 et_pb_column et_pb_column_1_2 et_block_column et_pb_css_mix_blend_mode_passthrough\"><div class=\"et_pb_text_0 et_pb_text et_pb_bg_layout_light et_pb_module et_block_module\"><div class=\"et_pb_text_inner\"><h5>Migra\u00e7\u00e3o de s\u00edtios Web<\/h5>\n<\/div><\/div><div class=\"et_pb_text_1 et_pb_text et_pb_bg_layout_light et_pb_module et_block_module\"><div class=\"et_pb_text_inner\"><h1 class=\"banner__title homepage\">Migra\u00e7\u00f5es facilitadas no CloudingDots<\/h1>\n<\/div><\/div><div class=\"et_pb_text_2 et_pb_text et_pb_bg_layout_light et_pb_module et_block_module\"><div class=\"et_pb_text_inner\"><h3><span>Migrating web hosts may sound scary at first, but our team of experts have mastered the process...and it's free!<\/span><\/h3>\n<\/div><\/div><\/div><div class=\"et_pb_column_1 et_pb_column et_pb_column_1_2 et-last-child et_block_column et_pb_css_mix_blend_mode_passthrough\"><div class=\"et_pb_image_0 et_pb_image et_pb_module et_block_module\"><span class=\"et_pb_image_wrap\"><img decoding=\"async\" src=\"https:\/\/dev.cloudingdots.com\/wp-content\/uploads\/2025\/05\/free-migration-cloudingdots.webp\" title=\"migra\u00e7\u00e3o livre - pontos de computa\u00e7\u00e3o em nuvem\" \/><\/span><\/div><\/div><\/div><\/div><div class=\"et_pb_section_1 et_pb_section et_section_regular et_block_section\"><div class=\"et_pb_row_1 et_pb_row et_block_row\"><div class=\"et_pb_column_2 et_pb_column et_pb_column_4_4 et-last-child et_block_column et_pb_css_mix_blend_mode_passthrough\"><div class=\"et_pb_text_3 et_pb_text et_pb_bg_layout_light et_pb_module et_block_module\"><div class=\"et_pb_text_inner\"><h2 class=\"section__title\">Benef\u00edcios da migra\u00e7\u00e3o do seu alojamento Web para o CloudingDots<\/h2>\n<\/div><\/div><\/div><\/div><div class=\"et_pb_row_2 et_pb_row et_pb_row_4col et_block_row et_block_row_4col\"><div class=\"et_pb_column_3 et_pb_column et_pb_column_1_4 et_block_column et_pb_css_mix_blend_mode_passthrough\"><div class=\"et_pb_blurb_0 et_pb_blurb et_pb_bg_layout_light et_pb_blurb_position_left et_pb_module et_block_module\"><div class=\"et_pb_blurb_content\"><div class=\"et_pb_main_blurb_image\"><span class=\"et_pb_image_wrap\"><span class=\"et-pb-icon\">\uf3ed<\/span><\/span><\/div><div class=\"et_pb_blurb_container\"><h3 class=\"et_pb_module_header\">Seguran\u00e7a melhorada do s\u00edtio Web<\/h3><div class=\"et_pb_blurb_description\"><p>Proteja seu site com SSL integrado, backups di\u00e1rios, verifica\u00e7\u00e3o de malware e seguran\u00e7a s\u00f3lida do servidor. Com o CloudingDots, a sua presen\u00e7a online mant\u00e9m-se segura e protegida 24 horas por dia.<\/p>\n<\/div><\/div><\/div><\/div><\/div><div class=\"et_pb_column_4 et_pb_column et_pb_column_1_4 et_block_column et_pb_css_mix_blend_mode_passthrough\"><div class=\"et_pb_blurb_1 et_pb_blurb et_pb_bg_layout_light et_pb_blurb_position_left et_pb_module et_block_module\"><div class=\"et_pb_blurb_content\"><div class=\"et_pb_main_blurb_image\"><span class=\"et_pb_image_wrap\"><span class=\"et-pb-icon\">\uf0e7<\/span><\/span><\/div><div class=\"et_pb_blurb_container\"><h3 class=\"et_pb_module_header\">Tempos de carregamento mais r\u00e1pidos<\/h3><div class=\"et_pb_blurb_description\"><p>Experimente o desempenho extremamente r\u00e1pido do site gra\u00e7as \u00e0 nossa infraestrutura optimizada e ao armazenamento em cache. Um site mais r\u00e1pido significa melhor SEO, visitantes mais felizes e mais convers\u00f5es.<\/p>\n<\/div><\/div><\/div><\/div><\/div><div class=\"et_pb_column_5 et_pb_column et_pb_column_1_4 et_block_column et_pb_css_mix_blend_mode_passthrough\"><div class=\"et_pb_blurb_2 et_pb_blurb et_pb_bg_layout_light et_pb_blurb_position_left et_pb_module et_block_module\"><div class=\"et_pb_blurb_content\"><div class=\"et_pb_main_blurb_image\"><span class=\"et_pb_image_wrap\"><span class=\"et-pb-icon\">\uf590<\/span><\/span><\/div><div class=\"et_pb_blurb_container\"><h3 class=\"et_pb_module_header\">Apoio especializado<\/h3><div class=\"et_pb_blurb_description\"><p>Nunca est\u00e1 sozinho. A nossa equipa de assist\u00eancia especializada est\u00e1 pronta para o ajudar antes, durante e ap\u00f3s a migra\u00e7\u00e3o - com tempos de resposta r\u00e1pidos e solu\u00e7\u00f5es reais.<\/p>\n<\/div><\/div><\/div><\/div><\/div><div class=\"et_pb_column_6 et_pb_column et_pb_column_1_4 et-last-child et_block_column et_pb_css_mix_blend_mode_passthrough\"><div class=\"et_pb_blurb_3 et_pb_blurb et_pb_bg_layout_light et_pb_blurb_position_left et_pb_module et_block_module\"><div class=\"et_pb_blurb_content\"><div class=\"et_pb_main_blurb_image\"><span class=\"et_pb_image_wrap\"><span class=\"et-pb-icon\">\uf4d3<\/span><\/span><\/div><div class=\"et_pb_blurb_container\"><h3 class=\"et_pb_module_header\">Poupar dinheiro<\/h3><div class=\"et_pb_blurb_description\"><p>Pare de pagar a mais por um alojamento de fraca qualidade. Com o CloudingDots, obt\u00e9m funcionalidades premium - como um s\u00edtio Web b\u00e1sico gratuito e ferramentas de seguran\u00e7a - sem custos adicionais.<\/p>\n<\/div><\/div><\/div><\/div><\/div><\/div><\/div><div class=\"et_pb_section_2 et_pb_section et_section_regular et_block_section\"><div class=\"et_pb_row_3 et_pb_row et_block_row\"><div class=\"et_pb_column_7 et_pb_column et_pb_column_1_2 et_block_column et_pb_css_mix_blend_mode_passthrough\"><div class=\"et_pb_text_4 et_pb_text et_pb_bg_layout_light et_pb_module et_block_module\"><div class=\"et_pb_text_inner\"><h2>Como \u00e9 que funciona?<\/h2>\n<\/div><\/div><div class=\"et_pb_blurb_4 et_pb_blurb et_pb_bg_layout_light et_pb_blurb_position_left et_pb_module et_block_module\"><div class=\"et_pb_blurb_content\"><div class=\"et_pb_main_blurb_image\"><span class=\"et_pb_image_wrap\"><span class=\"et-pb-icon\">\uf058<\/span><\/span><\/div><div class=\"et_pb_blurb_container\"><h4 class=\"et_pb_module_header\">Comprar um dos nossos pacotes de alojamento<\/h4><\/div><\/div><\/div><div class=\"et_pb_blurb_5 et_pb_blurb et_pb_bg_layout_light et_pb_blurb_position_left et_pb_module et_block_module\"><div class=\"et_pb_blurb_content\"><div class=\"et_pb_main_blurb_image\"><span class=\"et_pb_image_wrap\"><span class=\"et-pb-icon\">\uf058<\/span><\/span><\/div><div class=\"et_pb_blurb_container\"><h4 class=\"et_pb_module_header\">Transferir o seu dom\u00ednio para o CloudingDots (n\u00e3o \u00e9 necess\u00e1rio, mas \u00e9 recomendado)<\/h4><\/div><\/div><\/div><div class=\"et_pb_blurb_6 et_pb_blurb et_pb_bg_layout_light et_pb_blurb_position_left et_pb_module et_block_module\"><div class=\"et_pb_blurb_content\"><div class=\"et_pb_main_blurb_image\"><span class=\"et_pb_image_wrap\"><span class=\"et-pb-icon\">\uf058<\/span><\/span><\/div><div class=\"et_pb_blurb_container\"><h4 class=\"et_pb_module_header\">Abra um pedido de assist\u00eancia ou contacte-nos com todos os seus dados<\/h4><\/div><\/div><\/div><div class=\"et_pb_blurb_7 et_pb_blurb et_pb_bg_layout_light et_pb_blurb_position_left et_pb_module et_block_module\"><div class=\"et_pb_blurb_content\"><div class=\"et_pb_main_blurb_image\"><span class=\"et_pb_image_wrap\"><span class=\"et-pb-icon\">\uf058<\/span><\/span><\/div><div class=\"et_pb_blurb_container\"><h4 class=\"et_pb_module_header\">A sua migra\u00e7\u00e3o ser\u00e1 iniciada e um especialista da nossa equipa assegurar\u00e1 que o tempo de inatividade seja m\u00ednimo ou nulo<\/h4><\/div><\/div><\/div><\/div><div class=\"et_pb_column_8 et_pb_column et_pb_column_1_2 et-last-child et_block_column et_pb_css_mix_blend_mode_passthrough\"><div class=\"et_pb_image_1 et_pb_image et_pb_module et_block_module\"><span class=\"et_pb_image_wrap\"><img decoding=\"async\" src=\"https:\/\/dev.cloudingdots.com\/wp-content\/uploads\/2025\/05\/how-it-works.webp\" title=\"como funciona\" \/><\/span><\/div><\/div><\/div><\/div><div class=\"et_pb_section_3 et_pb_section et_section_regular et_block_section\"><div class=\"et_pb_row_4 et_pb_row et_block_row\"><div class=\"et_pb_column_9 et_pb_column et_pb_column_4_4 et-last-child et_block_column et_pb_css_mix_blend_mode_passthrough\"><div class=\"et_pb_text_5 et_pb_text et_pb_bg_layout_light et_pb_module et_block_module\"><div class=\"et_pb_text_inner\"><h2 style=\"text-align: center;\">Inicie a sua migra\u00e7\u00e3o gratuita<\/h2>\n<\/div><\/div><div class=\"et_pb_module et_pb_button_module_wrapper et_pb_button_0_wrapper\"><a class=\"et_pb_button_0 et_pb_button et_pb_bg_layout_dark et_pb_module et_block_module\" href=\"https:\/\/cloudingdots.com\/pt\/contactar-nos\/\">Contactar-nos<\/a><\/div><\/div><\/div><\/div>","protected":false},"excerpt":{"rendered":"","protected":false},"author":1,"featured_media":0,"parent":0,"menu_order":0,"comment_status":"closed","ping_status":"closed","template":"","meta":{"footnotes":""},"class_list":["post-607","page","type-page","status-publish","hentry"],"yoast_head":"<!-- This site is optimized with the Yoast SEO plugin v27.3 - https:\/\/yoast.com\/product\/yoast-seo-wordpress\/ -->\n<title>Migrations - Cloudingdots<\/title>\n<meta name=\"robots\" content=\"index, follow, max-snippet:-1, max-image-preview:large, max-video-preview:-1\" \/>\n<link rel=\"canonical\" href=\"https:\/\/cloudingdots.com\/pt\/migracoes\/\" \/>\n<meta property=\"og:locale\" content=\"pt_PT\" \/>\n<meta property=\"og:type\" content=\"article\" \/>\n<meta property=\"og:title\" content=\"Migrations - Cloudingdots\" \/>\n<meta property=\"og:url\" content=\"https:\/\/cloudingdots.com\/pt\/migracoes\/\" \/>\n<meta property=\"og:site_name\" content=\"Cloudingdots\" \/>\n<meta property=\"article:publisher\" content=\"https:\/\/facebook.com\/cloudingdots\/\" \/>\n<meta property=\"article:modified_time\" content=\"2026-01-16T20:19:15+00:00\" \/>\n<meta name=\"twitter:card\" content=\"summary_large_image\" \/>\n<meta name=\"twitter:site\" content=\"@cloudingdots\" \/>\n<script type=\"application\/ld+json\" class=\"yoast-schema-graph\">{\"@context\":\"https:\\\/\\\/schema.org\",\"@graph\":[{\"@type\":\"WebPage\",\"@id\":\"https:\\\/\\\/cloudingdots.com\\\/migrations\\\/\",\"url\":\"https:\\\/\\\/cloudingdots.com\\\/migrations\\\/\",\"name\":\"Migrations - Cloudingdots\",\"isPartOf\":{\"@id\":\"https:\\\/\\\/cloudingdots.com\\\/#website\"},\"datePublished\":\"2025-05-27T09:55:21+00:00\",\"dateModified\":\"2026-01-16T20:19:15+00:00\",\"breadcrumb\":{\"@id\":\"https:\\\/\\\/cloudingdots.com\\\/migrations\\\/#breadcrumb\"},\"inLanguage\":\"pt-PT\",\"potentialAction\":[{\"@type\":\"ReadAction\",\"target\":[\"https:\\\/\\\/cloudingdots.com\\\/migrations\\\/\"]}]},{\"@type\":\"BreadcrumbList\",\"@id\":\"https:\\\/\\\/cloudingdots.com\\\/migrations\\\/#breadcrumb\",\"itemListElement\":[{\"@type\":\"ListItem\",\"position\":1,\"name\":\"Home\",\"item\":\"https:\\\/\\\/cloudingdots.com\\\/\"},{\"@type\":\"ListItem\",\"position\":2,\"name\":\"Migrations\"}]},{\"@type\":\"WebSite\",\"@id\":\"https:\\\/\\\/cloudingdots.com\\\/#website\",\"url\":\"https:\\\/\\\/cloudingdots.com\\\/\",\"name\":\"CloudingDots\",\"description\":\"Start and Grow Your Business\",\"publisher\":{\"@id\":\"https:\\\/\\\/cloudingdots.com\\\/#organization\"},\"potentialAction\":[{\"@type\":\"SearchAction\",\"target\":{\"@type\":\"EntryPoint\",\"urlTemplate\":\"https:\\\/\\\/cloudingdots.com\\\/?s={search_term_string}\"},\"query-input\":{\"@type\":\"PropertyValueSpecification\",\"valueRequired\":true,\"valueName\":\"search_term_string\"}}],\"inLanguage\":\"pt-PT\"},{\"@type\":\"Organization\",\"@id\":\"https:\\\/\\\/cloudingdots.com\\\/#organization\",\"name\":\"CloudingDots\",\"url\":\"https:\\\/\\\/cloudingdots.com\\\/\",\"logo\":{\"@type\":\"ImageObject\",\"inLanguage\":\"pt-PT\",\"@id\":\"https:\\\/\\\/cloudingdots.com\\\/#\\\/schema\\\/logo\\\/image\\\/\",\"url\":\"https:\\\/\\\/cloudingdots.com\\\/wp-content\\\/uploads\\\/2025\\\/05\\\/logo-primary.png\",\"contentUrl\":\"https:\\\/\\\/cloudingdots.com\\\/wp-content\\\/uploads\\\/2025\\\/05\\\/logo-primary.png\",\"width\":191,\"height\":60,\"caption\":\"CloudingDots\"},\"image\":{\"@id\":\"https:\\\/\\\/cloudingdots.com\\\/#\\\/schema\\\/logo\\\/image\\\/\"},\"sameAs\":[\"https:\\\/\\\/facebook.com\\\/cloudingdots\\\/\",\"https:\\\/\\\/x.com\\\/cloudingdots\",\"https:\\\/\\\/instagram.com\\\/cloudingdots\\\/\",\"https:\\\/\\\/pinterest.com\\\/cloudingdots\\\/\",\"https:\\\/\\\/www.linkedin.com\\\/company\\\/cloudingdots\",\"https:\\\/\\\/www.instagram.com\\\/cloudingdots\\\/\"]}]}<\/script>\n<!-- \/ Yoast SEO plugin. -->","yoast_head_json":{"title":"Migrations - Cloudingdots","robots":{"index":"index","follow":"follow","max-snippet":"max-snippet:-1","max-image-preview":"max-image-preview:large","max-video-preview":"max-video-preview:-1"},"canonical":"https:\/\/cloudingdots.com\/pt\/migracoes\/","og_locale":"pt_PT","og_type":"article","og_title":"Migrations - Cloudingdots","og_url":"https:\/\/cloudingdots.com\/pt\/migracoes\/","og_site_name":"Cloudingdots","article_publisher":"https:\/\/facebook.com\/cloudingdots\/","article_modified_time":"2026-01-16T20:19:15+00:00","twitter_card":"summary_large_image","twitter_site":"@cloudingdots","schema":{"@context":"https:\/\/schema.org","@graph":[{"@type":"WebPage","@id":"https:\/\/cloudingdots.com\/migrations\/","url":"https:\/\/cloudingdots.com\/migrations\/","name":"Migrations - Cloudingdots","isPartOf":{"@id":"https:\/\/cloudingdots.com\/#website"},"datePublished":"2025-05-27T09:55:21+00:00","dateModified":"2026-01-16T20:19:15+00:00","breadcrumb":{"@id":"https:\/\/cloudingdots.com\/migrations\/#breadcrumb"},"inLanguage":"pt-PT","potentialAction":[{"@type":"ReadAction","target":["https:\/\/cloudingdots.com\/migrations\/"]}]},{"@type":"BreadcrumbList","@id":"https:\/\/cloudingdots.com\/migrations\/#breadcrumb","itemListElement":[{"@type":"ListItem","position":1,"name":"Home","item":"https:\/\/cloudingdots.com\/"},{"@type":"ListItem","position":2,"name":"Migrations"}]},{"@type":"WebSite","@id":"https:\/\/cloudingdots.com\/#website","url":"https:\/\/cloudingdots.com\/","name":"Pontos de turva\u00e7\u00e3o","description":"Iniciar e desenvolver o seu neg\u00f3cio","publisher":{"@id":"https:\/\/cloudingdots.com\/#organization"},"potentialAction":[{"@type":"SearchAction","target":{"@type":"EntryPoint","urlTemplate":"https:\/\/cloudingdots.com\/?s={search_term_string}"},"query-input":{"@type":"PropertyValueSpecification","valueRequired":true,"valueName":"search_term_string"}}],"inLanguage":"pt-PT"},{"@type":"Organization","@id":"https:\/\/cloudingdots.com\/#organization","name":"Pontos de turva\u00e7\u00e3o","url":"https:\/\/cloudingdots.com\/","logo":{"@type":"ImageObject","inLanguage":"pt-PT","@id":"https:\/\/cloudingdots.com\/#\/schema\/logo\/image\/","url":"https:\/\/cloudingdots.com\/wp-content\/uploads\/2025\/05\/logo-primary.png","contentUrl":"https:\/\/cloudingdots.com\/wp-content\/uploads\/2025\/05\/logo-primary.png","width":191,"height":60,"caption":"CloudingDots"},"image":{"@id":"https:\/\/cloudingdots.com\/#\/schema\/logo\/image\/"},"sameAs":["https:\/\/facebook.com\/cloudingdots\/","https:\/\/x.com\/cloudingdots","https:\/\/instagram.com\/cloudingdots\/","https:\/\/pinterest.com\/cloudingdots\/","https:\/\/www.linkedin.com\/company\/cloudingdots","https:\/\/www.instagram.com\/cloudingdots\/"]}]}},"_links":{"self":[{"href":"https:\/\/cloudingdots.com\/pt\/wp-json\/wp\/v2\/pages\/607","targetHints":{"allow":["GET"]}}],"collection":[{"href":"https:\/\/cloudingdots.com\/pt\/wp-json\/wp\/v2\/pages"}],"about":[{"href":"https:\/\/cloudingdots.com\/pt\/wp-json\/wp\/v2\/types\/page"}],"author":[{"embeddable":true,"href":"https:\/\/cloudingdots.com\/pt\/wp-json\/wp\/v2\/users\/1"}],"replies":[{"embeddable":true,"href":"https:\/\/cloudingdots.com\/pt\/wp-json\/wp\/v2\/comments?post=607"}],"version-history":[{"count":5,"href":"https:\/\/cloudingdots.com\/pt\/wp-json\/wp\/v2\/pages\/607\/revisions"}],"predecessor-version":[{"id":617,"href":"https:\/\/cloudingdots.com\/pt\/wp-json\/wp\/v2\/pages\/607\/revisions\/617"}],"wp:attachment":[{"href":"https:\/\/cloudingdots.com\/pt\/wp-json\/wp\/v2\/media?parent=607"}],"curies":[{"name":"wp","href":"https:\/\/api.w.org\/{rel}","templated":true}]}}